{"id":4600,"date":"2025-12-11T13:56:21","date_gmt":"2025-12-11T13:56:21","guid":{"rendered":"https:\/\/coco7.hu\/?post_type=product&#038;p=4600"},"modified":"2025-12-11T13:57:33","modified_gmt":"2025-12-11T13:57:33","slug":"gyumolcskenyer-1000-gr-rendelesre","status":"publish","type":"product","link":"https:\/\/coco7.hu\/en\/product\/gyumolcskenyer-1000-gr-rendelesre\/","title":{"rendered":"Gy\u00fcm\u00f6lcskeny\u00e9r 1000 gr (rendel\u00e9sre!)"},"content":{"rendered":"","protected":false},"excerpt":{"rendered":"<p>Puha, \u00e9des \u00fcnnepi gy\u00fcm\u00f6lcskeny\u00e9r rengeteg aszalv\u00e1nnyal, magokkal.<\/p>","protected":false},"featured_media":0,"comment_status":"open","ping_status":"closed","template":"","meta":[],"product_brand":[],"product_cat":[15,57,59],"product_tag":[],"class_list":{"0":"post-4600","1":"product","2":"type-product","3":"status-publish","5":"product_cat-minden-termek","6":"product_cat-desszertek","7":"product_cat-szezonalis-ajanlatok","9":"first","10":"instock","11":"taxable","12":"shipping-taxable","13":"purchasable","14":"product-type-simple"},"_links":{"self":[{"href":"https:\/\/coco7.hu\/en\/wp-json\/wp\/v2\/product\/4600","targetHints":{"allow":["GET"]}}],"collection":[{"href":"https:\/\/coco7.hu\/en\/wp-json\/wp\/v2\/product"}],"about":[{"href":"https:\/\/coco7.hu\/en\/wp-json\/wp\/v2\/types\/product"}],"replies":[{"embeddable":true,"href":"https:\/\/coco7.hu\/en\/wp-json\/wp\/v2\/comments?post=4600"}],"version-history":[{"count":1,"href":"https:\/\/coco7.hu\/en\/wp-json\/wp\/v2\/product\/4600\/revisions"}],"predecessor-version":[{"id":4601,"href":"https:\/\/coco7.hu\/en\/wp-json\/wp\/v2\/product\/4600\/revisions\/4601"}],"wp:attachment":[{"href":"https:\/\/coco7.hu\/en\/wp-json\/wp\/v2\/media?parent=4600"}],"wp:term":[{"taxonomy":"product_brand","embeddable":true,"href":"https:\/\/coco7.hu\/en\/wp-json\/wp\/v2\/product_brand?post=4600"},{"taxonomy":"product_cat","embeddable":true,"href":"https:\/\/coco7.hu\/en\/wp-json\/wp\/v2\/product_cat?post=4600"},{"taxonomy":"product_tag","embeddable":true,"href":"https:\/\/coco7.hu\/en\/wp-json\/wp\/v2\/product_tag?post=4600"}],"curies":[{"name":"wp","href":"https:\/\/api.w.org\/{rel}","templated":true}]}}