{"id":4596,"date":"2025-12-11T13:49:31","date_gmt":"2025-12-11T13:49:31","guid":{"rendered":"https:\/\/coco7.hu\/?post_type=product&#038;p=4596"},"modified":"2025-12-11T13:50:11","modified_gmt":"2025-12-11T13:50:11","slug":"narancsos-marcipanos-kuglof-800gr-rendelesre","status":"publish","type":"product","link":"https:\/\/coco7.hu\/en\/product\/narancsos-marcipanos-kuglof-800gr-rendelesre\/","title":{"rendered":"Narancsos marcip\u00e1nos kugl\u00f3f 800gr (rendel\u00e9sre!)"},"content":{"rendered":"","protected":false},"excerpt":{"rendered":"<p>Egy igazi \u00ednyenc kugl\u00f3f &#8211; reszelt marcip\u00e1nnal a t\u00e9szt\u00e1j\u00e1ban, kand\u00edrozott naranccsal, liofiliz\u00e1lt gy\u00fcm\u00f6lcs\u00f6kkel \u00e9s feh\u00e9rcsokol\u00e1d\u00e9s \u00f6ntettel<\/p>","protected":false},"featured_media":3078,"comment_status":"open","ping_status":"closed","template":"","meta":[],"product_brand":[],"product_cat":[15,57,59],"product_tag":[],"class_list":{"0":"post-4596","1":"product","2":"type-product","3":"status-publish","4":"has-post-thumbnail","6":"product_cat-minden-termek","7":"product_cat-desszertek","8":"product_cat-szezonalis-ajanlatok","10":"first","11":"instock","12":"taxable","13":"shipping-taxable","14":"purchasable","15":"product-type-simple"},"_links":{"self":[{"href":"https:\/\/coco7.hu\/en\/wp-json\/wp\/v2\/product\/4596","targetHints":{"allow":["GET"]}}],"collection":[{"href":"https:\/\/coco7.hu\/en\/wp-json\/wp\/v2\/product"}],"about":[{"href":"https:\/\/coco7.hu\/en\/wp-json\/wp\/v2\/types\/product"}],"replies":[{"embeddable":true,"href":"https:\/\/coco7.hu\/en\/wp-json\/wp\/v2\/comments?post=4596"}],"version-history":[{"count":1,"href":"https:\/\/coco7.hu\/en\/wp-json\/wp\/v2\/product\/4596\/revisions"}],"predecessor-version":[{"id":4597,"href":"https:\/\/coco7.hu\/en\/wp-json\/wp\/v2\/product\/4596\/revisions\/4597"}],"wp:featuredmedia":[{"embeddable":true,"href":"https:\/\/coco7.hu\/en\/wp-json\/wp\/v2\/media\/3078"}],"wp:attachment":[{"href":"https:\/\/coco7.hu\/en\/wp-json\/wp\/v2\/media?parent=4596"}],"wp:term":[{"taxonomy":"product_brand","embeddable":true,"href":"https:\/\/coco7.hu\/en\/wp-json\/wp\/v2\/product_brand?post=4596"},{"taxonomy":"product_cat","embeddable":true,"href":"https:\/\/coco7.hu\/en\/wp-json\/wp\/v2\/product_cat?post=4596"},{"taxonomy":"product_tag","embeddable":true,"href":"https:\/\/coco7.hu\/en\/wp-json\/wp\/v2\/product_tag?post=4596"}],"curies":[{"name":"wp","href":"https:\/\/api.w.org\/{rel}","templated":true}]}}