{"id":4587,"date":"2025-12-11T12:45:03","date_gmt":"2025-12-11T12:45:03","guid":{"rendered":"https:\/\/coco7.hu\/?post_type=product&#038;p=4587"},"modified":"2025-12-11T12:47:43","modified_gmt":"2025-12-11T12:47:43","slug":"pisztacias-bejgli-500g","status":"publish","type":"product","link":"https:\/\/coco7.hu\/en\/product\/pisztacias-bejgli-500g\/","title":{"rendered":"Piszt\u00e1ci\u00e1s bejgli 500g"},"content":{"rendered":"","protected":false},"excerpt":{"rendered":"<p>Szic\u00edliai piszt\u00e1ciakr\u00e9mmel \u00e9s marcip\u00e1nnal t\u00f6lt\u00f6tt luxus bejgli<\/p>","protected":false},"featured_media":3318,"comment_status":"open","ping_status":"closed","template":"","meta":[],"product_brand":[],"product_cat":[15,57,59],"product_tag":[],"class_list":{"0":"post-4587","1":"product","2":"type-product","3":"status-publish","4":"has-post-thumbnail","6":"product_cat-minden-termek","7":"product_cat-desszertek","8":"product_cat-szezonalis-ajanlatok","10":"first","11":"instock","12":"taxable","13":"shipping-taxable","14":"purchasable","15":"product-type-simple"},"_links":{"self":[{"href":"https:\/\/coco7.hu\/en\/wp-json\/wp\/v2\/product\/4587","targetHints":{"allow":["GET"]}}],"collection":[{"href":"https:\/\/coco7.hu\/en\/wp-json\/wp\/v2\/product"}],"about":[{"href":"https:\/\/coco7.hu\/en\/wp-json\/wp\/v2\/types\/product"}],"replies":[{"embeddable":true,"href":"https:\/\/coco7.hu\/en\/wp-json\/wp\/v2\/comments?post=4587"}],"version-history":[{"count":1,"href":"https:\/\/coco7.hu\/en\/wp-json\/wp\/v2\/product\/4587\/revisions"}],"predecessor-version":[{"id":4588,"href":"https:\/\/coco7.hu\/en\/wp-json\/wp\/v2\/product\/4587\/revisions\/4588"}],"wp:featuredmedia":[{"embeddable":true,"href":"https:\/\/coco7.hu\/en\/wp-json\/wp\/v2\/media\/3318"}],"wp:attachment":[{"href":"https:\/\/coco7.hu\/en\/wp-json\/wp\/v2\/media?parent=4587"}],"wp:term":[{"taxonomy":"product_brand","embeddable":true,"href":"https:\/\/coco7.hu\/en\/wp-json\/wp\/v2\/product_brand?post=4587"},{"taxonomy":"product_cat","embeddable":true,"href":"https:\/\/coco7.hu\/en\/wp-json\/wp\/v2\/product_cat?post=4587"},{"taxonomy":"product_tag","embeddable":true,"href":"https:\/\/coco7.hu\/en\/wp-json\/wp\/v2\/product_tag?post=4587"}],"curies":[{"name":"wp","href":"https:\/\/api.w.org\/{rel}","templated":true}]}}