{"id":4257,"date":"2025-09-28T16:00:48","date_gmt":"2025-09-28T16:00:48","guid":{"rendered":"https:\/\/coco7.hu\/?post_type=product&#038;p=4257"},"modified":"2025-10-15T13:45:54","modified_gmt":"2025-10-15T13:45:54","slug":"meggypalinka","status":"publish","type":"product","link":"https:\/\/coco7.hu\/en\/product\/meggypalinka\/","title":{"rendered":"Meggyp\u00e1linka"},"content":{"rendered":"<p>Meggyp\u00e1linka kr\u00e9mmel \u00e9s zsel\u00e9vel t\u00f6lt\u00f6tt bonbon \u2013 (meggy p\u00fcr\u00e9, meggyp\u00e1linka, cukor, pektin, van\u00edlia<\/p>\n<p>Term\u00e9k\u00fcnk bonbon v\u00e1logat\u00e1s r\u00e9szek\u00e9nt \u00e9rhet\u0151 el. Bonbon v\u00e1logat\u00e1s\u00e9rt <strong><a href=\"https:\/\/coco7.hu\/en\/webaruhaz\/\">ir\u00e1ny a webshop<\/a><\/strong>!<\/p>","protected":false},"excerpt":{"rendered":"<p>Meggyp\u00e1linka kr\u00e9mmel \u00e9s zsel\u00e9vel t\u00f6lt\u00f6tt bonbon \u2013 (meggy p\u00fcr\u00e9, meggyp\u00e1linka, cukor, pektin, van\u00edlia Term\u00e9k\u00fcnk bonbon v\u00e1logat\u00e1s r\u00e9szek\u00e9nt \u00e9rhet\u0151 el. Bonbon v\u00e1logat\u00e1s\u00e9rt ir\u00e1ny a webshop!<\/p>","protected":false},"featured_media":4209,"comment_status":"open","ping_status":"closed","template":"","meta":[],"product_brand":[],"product_cat":[95],"product_tag":[],"class_list":{"0":"post-4257","1":"product","2":"type-product","3":"status-publish","4":"has-post-thumbnail","6":"product_cat-bonbonok-es-csokoladek","8":"first","9":"instock","10":"taxable","11":"shipping-taxable","12":"product-type-simple"},"_links":{"self":[{"href":"https:\/\/coco7.hu\/en\/wp-json\/wp\/v2\/product\/4257","targetHints":{"allow":["GET"]}}],"collection":[{"href":"https:\/\/coco7.hu\/en\/wp-json\/wp\/v2\/product"}],"about":[{"href":"https:\/\/coco7.hu\/en\/wp-json\/wp\/v2\/types\/product"}],"replies":[{"embeddable":true,"href":"https:\/\/coco7.hu\/en\/wp-json\/wp\/v2\/comments?post=4257"}],"version-history":[{"count":2,"href":"https:\/\/coco7.hu\/en\/wp-json\/wp\/v2\/product\/4257\/revisions"}],"predecessor-version":[{"id":4374,"href":"https:\/\/coco7.hu\/en\/wp-json\/wp\/v2\/product\/4257\/revisions\/4374"}],"wp:featuredmedia":[{"embeddable":true,"href":"https:\/\/coco7.hu\/en\/wp-json\/wp\/v2\/media\/4209"}],"wp:attachment":[{"href":"https:\/\/coco7.hu\/en\/wp-json\/wp\/v2\/media?parent=4257"}],"wp:term":[{"taxonomy":"product_brand","embeddable":true,"href":"https:\/\/coco7.hu\/en\/wp-json\/wp\/v2\/product_brand?post=4257"},{"taxonomy":"product_cat","embeddable":true,"href":"https:\/\/coco7.hu\/en\/wp-json\/wp\/v2\/product_cat?post=4257"},{"taxonomy":"product_tag","embeddable":true,"href":"https:\/\/coco7.hu\/en\/wp-json\/wp\/v2\/product_tag?post=4257"}],"curies":[{"name":"wp","href":"https:\/\/api.w.org\/{rel}","templated":true}]}}