{"id":4249,"date":"2025-09-28T15:59:13","date_gmt":"2025-09-28T15:59:13","guid":{"rendered":"https:\/\/coco7.hu\/?post_type=product&#038;p=4249"},"modified":"2025-10-15T13:46:20","modified_gmt":"2025-10-15T13:46:20","slug":"afonya","status":"publish","type":"product","link":"https:\/\/coco7.hu\/en\/product\/afonya\/","title":{"rendered":"\u00c1fonya"},"content":{"rendered":"<p>karamell alap\u00fa \u00e1fonyakr\u00e9m \u2013 (cukor, gl\u00fck\u00f3z, tejsz\u00edn, \u00e1fonya p\u00fcr\u00e9, feh\u00e9r csokol\u00e1d\u00e9)<\/p>\n<p>Term\u00e9k\u00fcnk bonbon v\u00e1logat\u00e1s r\u00e9szek\u00e9nt \u00e9rhet\u0151 el. Bonbon v\u00e1logat\u00e1s\u00e9rt <strong><a href=\"https:\/\/coco7.hu\/en\/webaruhaz\/\">ir\u00e1ny a webshop<\/a><\/strong>!<\/p>","protected":false},"excerpt":{"rendered":"<p>karamell alap\u00fa \u00e1fonyakr\u00e9m \u2013 (cukor, gl\u00fck\u00f3z, tejsz\u00edn, \u00e1fonya p\u00fcr\u00e9, feh\u00e9r csokol\u00e1d\u00e9) Term\u00e9k\u00fcnk bonbon v\u00e1logat\u00e1s r\u00e9szek\u00e9nt \u00e9rhet\u0151 el. Bonbon v\u00e1logat\u00e1s\u00e9rt ir\u00e1ny a webshop!<\/p>","protected":false},"featured_media":4205,"comment_status":"open","ping_status":"closed","template":"","meta":[],"product_brand":[],"product_cat":[95],"product_tag":[],"class_list":{"0":"post-4249","1":"product","2":"type-product","3":"status-publish","4":"has-post-thumbnail","6":"product_cat-bonbonok-es-csokoladek","8":"first","9":"instock","10":"taxable","11":"shipping-taxable","12":"product-type-simple"},"_links":{"self":[{"href":"https:\/\/coco7.hu\/en\/wp-json\/wp\/v2\/product\/4249","targetHints":{"allow":["GET"]}}],"collection":[{"href":"https:\/\/coco7.hu\/en\/wp-json\/wp\/v2\/product"}],"about":[{"href":"https:\/\/coco7.hu\/en\/wp-json\/wp\/v2\/types\/product"}],"replies":[{"embeddable":true,"href":"https:\/\/coco7.hu\/en\/wp-json\/wp\/v2\/comments?post=4249"}],"version-history":[{"count":3,"href":"https:\/\/coco7.hu\/en\/wp-json\/wp\/v2\/product\/4249\/revisions"}],"predecessor-version":[{"id":4380,"href":"https:\/\/coco7.hu\/en\/wp-json\/wp\/v2\/product\/4249\/revisions\/4380"}],"wp:featuredmedia":[{"embeddable":true,"href":"https:\/\/coco7.hu\/en\/wp-json\/wp\/v2\/media\/4205"}],"wp:attachment":[{"href":"https:\/\/coco7.hu\/en\/wp-json\/wp\/v2\/media?parent=4249"}],"wp:term":[{"taxonomy":"product_brand","embeddable":true,"href":"https:\/\/coco7.hu\/en\/wp-json\/wp\/v2\/product_brand?post=4249"},{"taxonomy":"product_cat","embeddable":true,"href":"https:\/\/coco7.hu\/en\/wp-json\/wp\/v2\/product_cat?post=4249"},{"taxonomy":"product_tag","embeddable":true,"href":"https:\/\/coco7.hu\/en\/wp-json\/wp\/v2\/product_tag?post=4249"}],"curies":[{"name":"wp","href":"https:\/\/api.w.org\/{rel}","templated":true}]}}