{"id":4239,"date":"2025-09-28T15:57:14","date_gmt":"2025-09-28T15:57:14","guid":{"rendered":"https:\/\/coco7.hu\/?post_type=product&#038;p=4239"},"modified":"2025-10-15T13:46:46","modified_gmt":"2025-10-15T13:46:46","slug":"vorosboros-malna","status":"publish","type":"product","link":"https:\/\/coco7.hu\/en\/product\/vorosboros-malna\/","title":{"rendered":"V\u00f6r\u00f6sboros m\u00e1lna"},"content":{"rendered":"<p>Cabernet Sauvignon v\u00f6r\u00f6sborral \u00edzes\u00edtett m\u00e1lnazsel\u00e9vel t\u00f6lt\u00f6tt bonbon \u2013 (m\u00e1lna p\u00fcr\u00e9, Cabernet Sauvignon v\u00f6r\u00f6sbor, cukor, pektin, van\u00edlia) TEJMENTES! ALKOHOLOS!<\/p>\n<p>Term\u00e9k\u00fcnk bonbon v\u00e1logat\u00e1s r\u00e9szek\u00e9nt \u00e9rhet\u0151 el. Bonbon v\u00e1logat\u00e1s\u00e9rt <strong><a href=\"https:\/\/coco7.hu\/en\/webaruhaz\/\">ir\u00e1ny a webshop<\/a><\/strong>!<\/p>","protected":false},"excerpt":{"rendered":"<p>Cabernet Sauvignon v\u00f6r\u00f6sborral \u00edzes\u00edtett m\u00e1lnazsel\u00e9vel t\u00f6lt\u00f6tt bonbon \u2013 (m\u00e1lna p\u00fcr\u00e9, Cabernet Sauvignon v\u00f6r\u00f6sbor, cukor, pektin, van\u00edlia) TEJMENTES! ALKOHOLOS! Term\u00e9k\u00fcnk bonbon v\u00e1logat\u00e1s r\u00e9szek\u00e9nt \u00e9rhet\u0151 el. Bonbon v\u00e1logat\u00e1s\u00e9rt ir\u00e1ny a webshop!<\/p>","protected":false},"featured_media":4199,"comment_status":"open","ping_status":"closed","template":"","meta":[],"product_brand":[],"product_cat":[95],"product_tag":[],"class_list":{"0":"post-4239","1":"product","2":"type-product","3":"status-publish","4":"has-post-thumbnail","6":"product_cat-bonbonok-es-csokoladek","8":"first","9":"instock","10":"taxable","11":"shipping-taxable","12":"product-type-simple"},"_links":{"self":[{"href":"https:\/\/coco7.hu\/en\/wp-json\/wp\/v2\/product\/4239","targetHints":{"allow":["GET"]}}],"collection":[{"href":"https:\/\/coco7.hu\/en\/wp-json\/wp\/v2\/product"}],"about":[{"href":"https:\/\/coco7.hu\/en\/wp-json\/wp\/v2\/types\/product"}],"replies":[{"embeddable":true,"href":"https:\/\/coco7.hu\/en\/wp-json\/wp\/v2\/comments?post=4239"}],"version-history":[{"count":2,"href":"https:\/\/coco7.hu\/en\/wp-json\/wp\/v2\/product\/4239\/revisions"}],"predecessor-version":[{"id":4385,"href":"https:\/\/coco7.hu\/en\/wp-json\/wp\/v2\/product\/4239\/revisions\/4385"}],"wp:featuredmedia":[{"embeddable":true,"href":"https:\/\/coco7.hu\/en\/wp-json\/wp\/v2\/media\/4199"}],"wp:attachment":[{"href":"https:\/\/coco7.hu\/en\/wp-json\/wp\/v2\/media?parent=4239"}],"wp:term":[{"taxonomy":"product_brand","embeddable":true,"href":"https:\/\/coco7.hu\/en\/wp-json\/wp\/v2\/product_brand?post=4239"},{"taxonomy":"product_cat","embeddable":true,"href":"https:\/\/coco7.hu\/en\/wp-json\/wp\/v2\/product_cat?post=4239"},{"taxonomy":"product_tag","embeddable":true,"href":"https:\/\/coco7.hu\/en\/wp-json\/wp\/v2\/product_tag?post=4239"}],"curies":[{"name":"wp","href":"https:\/\/api.w.org\/{rel}","templated":true}]}}