{"id":4231,"date":"2025-09-28T15:55:09","date_gmt":"2025-09-28T15:55:09","guid":{"rendered":"https:\/\/coco7.hu\/?post_type=product&#038;p=4231"},"modified":"2025-10-15T13:47:29","modified_gmt":"2025-10-15T13:47:29","slug":"gianduia","status":"publish","type":"product","link":"https:\/\/coco7.hu\/en\/product\/gianduia\/","title":{"rendered":"Gianduia"},"content":{"rendered":"<p>Term\u00e9k\u00fcnk bonbon v\u00e1logat\u00e1s r\u00e9szek\u00e9nt \u00e9rhet\u0151 el. Bonbon v\u00e1logat\u00e1s\u00e9rt <strong><a href=\"https:\/\/coco7.hu\/en\/webaruhaz\/\">ir\u00e1ny a webshop<\/a><\/strong>!<\/p>","protected":false},"excerpt":{"rendered":"<p>Term\u00e9k\u00fcnk bonbon v\u00e1logat\u00e1s r\u00e9szek\u00e9nt \u00e9rhet\u0151 el. Bonbon v\u00e1logat\u00e1s\u00e9rt ir\u00e1ny a webshop!<\/p>","protected":false},"featured_media":4195,"comment_status":"open","ping_status":"closed","template":"","meta":[],"product_brand":[],"product_cat":[95],"product_tag":[],"class_list":{"0":"post-4231","1":"product","2":"type-product","3":"status-publish","4":"has-post-thumbnail","6":"product_cat-bonbonok-es-csokoladek","8":"first","9":"instock","10":"taxable","11":"shipping-taxable","12":"product-type-simple"},"_links":{"self":[{"href":"https:\/\/coco7.hu\/en\/wp-json\/wp\/v2\/product\/4231","targetHints":{"allow":["GET"]}}],"collection":[{"href":"https:\/\/coco7.hu\/en\/wp-json\/wp\/v2\/product"}],"about":[{"href":"https:\/\/coco7.hu\/en\/wp-json\/wp\/v2\/types\/product"}],"replies":[{"embeddable":true,"href":"https:\/\/coco7.hu\/en\/wp-json\/wp\/v2\/comments?post=4231"}],"version-history":[{"count":2,"href":"https:\/\/coco7.hu\/en\/wp-json\/wp\/v2\/product\/4231\/revisions"}],"predecessor-version":[{"id":4390,"href":"https:\/\/coco7.hu\/en\/wp-json\/wp\/v2\/product\/4231\/revisions\/4390"}],"wp:featuredmedia":[{"embeddable":true,"href":"https:\/\/coco7.hu\/en\/wp-json\/wp\/v2\/media\/4195"}],"wp:attachment":[{"href":"https:\/\/coco7.hu\/en\/wp-json\/wp\/v2\/media?parent=4231"}],"wp:term":[{"taxonomy":"product_brand","embeddable":true,"href":"https:\/\/coco7.hu\/en\/wp-json\/wp\/v2\/product_brand?post=4231"},{"taxonomy":"product_cat","embeddable":true,"href":"https:\/\/coco7.hu\/en\/wp-json\/wp\/v2\/product_cat?post=4231"},{"taxonomy":"product_tag","embeddable":true,"href":"https:\/\/coco7.hu\/en\/wp-json\/wp\/v2\/product_tag?post=4231"}],"curies":[{"name":"wp","href":"https:\/\/api.w.org\/{rel}","templated":true}]}}