{"id":4215,"date":"2025-09-28T15:49:53","date_gmt":"2025-09-28T15:49:53","guid":{"rendered":"https:\/\/coco7.hu\/?post_type=product&#038;p=4215"},"modified":"2025-10-15T13:48:27","modified_gmt":"2025-10-15T13:48:27","slug":"mezes-mogyoro","status":"publish","type":"product","link":"https:\/\/coco7.hu\/en\/product\/mezes-mogyoro\/","title":{"rendered":"M\u00e9zes mogyor\u00f3"},"content":{"rendered":"<p>m\u00e9z, tejcsoki, tejsz\u00edn, gl\u00fck\u00f3z, vaj, mogyor\u00f3kr\u00e9m, eg\u00e9sz mogyor\u00f3 a k\u00f6zep\u00e9ben<br \/>\nAllerg\u00e9nek: tejcsoki, tejsz\u00edn, vaj,<\/p>\n<p>&nbsp;<\/p>\n<p>Term\u00e9k\u00fcnk bonbon v\u00e1logat\u00e1s r\u00e9szek\u00e9nt \u00e9rhet\u0151 el. Bonbon v\u00e1logat\u00e1s\u00e9rt <strong><a href=\"https:\/\/coco7.hu\/en\/webaruhaz\/\">ir\u00e1ny a webshop<\/a><\/strong>!<\/p>","protected":false},"excerpt":{"rendered":"<p>m\u00e9z, tejcsoki, tejsz\u00edn, gl\u00fck\u00f3z, vaj, mogyor\u00f3kr\u00e9m, eg\u00e9sz mogyor\u00f3 a k\u00f6zep\u00e9ben Allerg\u00e9nek: tejcsoki, tejsz\u00edn, vaj, &nbsp; Term\u00e9k\u00fcnk bonbon v\u00e1logat\u00e1s r\u00e9szek\u00e9nt \u00e9rhet\u0151 el. Bonbon v\u00e1logat\u00e1s\u00e9rt ir\u00e1ny a webshop!<\/p>","protected":false},"featured_media":4187,"comment_status":"open","ping_status":"closed","template":"","meta":[],"product_brand":[],"product_cat":[95],"product_tag":[],"class_list":{"0":"post-4215","1":"product","2":"type-product","3":"status-publish","4":"has-post-thumbnail","6":"product_cat-bonbonok-es-csokoladek","8":"first","9":"instock","10":"taxable","11":"shipping-taxable","12":"product-type-simple"},"_links":{"self":[{"href":"https:\/\/coco7.hu\/en\/wp-json\/wp\/v2\/product\/4215","targetHints":{"allow":["GET"]}}],"collection":[{"href":"https:\/\/coco7.hu\/en\/wp-json\/wp\/v2\/product"}],"about":[{"href":"https:\/\/coco7.hu\/en\/wp-json\/wp\/v2\/types\/product"}],"replies":[{"embeddable":true,"href":"https:\/\/coco7.hu\/en\/wp-json\/wp\/v2\/comments?post=4215"}],"version-history":[{"count":3,"href":"https:\/\/coco7.hu\/en\/wp-json\/wp\/v2\/product\/4215\/revisions"}],"predecessor-version":[{"id":4408,"href":"https:\/\/coco7.hu\/en\/wp-json\/wp\/v2\/product\/4215\/revisions\/4408"}],"wp:featuredmedia":[{"embeddable":true,"href":"https:\/\/coco7.hu\/en\/wp-json\/wp\/v2\/media\/4187"}],"wp:attachment":[{"href":"https:\/\/coco7.hu\/en\/wp-json\/wp\/v2\/media?parent=4215"}],"wp:term":[{"taxonomy":"product_brand","embeddable":true,"href":"https:\/\/coco7.hu\/en\/wp-json\/wp\/v2\/product_brand?post=4215"},{"taxonomy":"product_cat","embeddable":true,"href":"https:\/\/coco7.hu\/en\/wp-json\/wp\/v2\/product_cat?post=4215"},{"taxonomy":"product_tag","embeddable":true,"href":"https:\/\/coco7.hu\/en\/wp-json\/wp\/v2\/product_tag?post=4215"}],"curies":[{"name":"wp","href":"https:\/\/api.w.org\/{rel}","templated":true}]}}