{"id":4142,"date":"2025-09-20T15:10:16","date_gmt":"2025-09-20T15:10:16","guid":{"rendered":"https:\/\/coco7.hu\/?post_type=product&#038;p=4142"},"modified":"2025-10-15T13:48:38","modified_gmt":"2025-10-15T13:48:38","slug":"eper-yuzu","status":"publish","type":"product","link":"https:\/\/coco7.hu\/en\/product\/eper-yuzu\/","title":{"rendered":"Eper-Yuzu"},"content":{"rendered":"<p>eper-yuzu zsel\u00e9 (cukor, pektin, gl\u00fck\u00f3z), yuzu-joghurt kr\u00e9m (yuzu p\u00fcr\u00e9, feh\u00e9rcsoki, gl\u00fck\u00f3z), h\u00e1ntolt ostya<br \/>\nAllerg\u00e9nek: vaj, feh\u00e9rcsoki, tejsz\u00edn, joghurt, glut\u00e9n<\/p>\n<p>Term\u00e9k\u00fcnk bonbon v\u00e1logat\u00e1s r\u00e9szek\u00e9nt \u00e9rhet\u0151 el. Bonbon v\u00e1logat\u00e1s\u00e9rt <strong><a href=\"https:\/\/coco7.hu\/en\/webaruhaz\/\">ir\u00e1ny a webshop<\/a><\/strong>!<\/p>","protected":false},"excerpt":{"rendered":"<p>eper-yuzu zsel\u00e9 (cukor, pektin, gl\u00fck\u00f3z), yuzu-joghurt kr\u00e9m (yuzu p\u00fcr\u00e9, feh\u00e9rcsoki, gl\u00fck\u00f3z), h\u00e1ntolt ostya Allerg\u00e9nek: vaj, feh\u00e9rcsoki, tejsz\u00edn, joghurt, glut\u00e9n Term\u00e9k\u00fcnk bonbon v\u00e1logat\u00e1s r\u00e9szek\u00e9nt \u00e9rhet\u0151 el. Bonbon v\u00e1logat\u00e1s\u00e9rt ir\u00e1ny a webshop!<\/p>","protected":false},"featured_media":4143,"comment_status":"open","ping_status":"closed","template":"","meta":[],"product_brand":[],"product_cat":[95],"product_tag":[],"class_list":{"0":"post-4142","1":"product","2":"type-product","3":"status-publish","4":"has-post-thumbnail","6":"product_cat-bonbonok-es-csokoladek","8":"first","9":"instock","10":"taxable","11":"shipping-taxable","12":"product-type-simple"},"_links":{"self":[{"href":"https:\/\/coco7.hu\/en\/wp-json\/wp\/v2\/product\/4142","targetHints":{"allow":["GET"]}}],"collection":[{"href":"https:\/\/coco7.hu\/en\/wp-json\/wp\/v2\/product"}],"about":[{"href":"https:\/\/coco7.hu\/en\/wp-json\/wp\/v2\/types\/product"}],"replies":[{"embeddable":true,"href":"https:\/\/coco7.hu\/en\/wp-json\/wp\/v2\/comments?post=4142"}],"version-history":[{"count":3,"href":"https:\/\/coco7.hu\/en\/wp-json\/wp\/v2\/product\/4142\/revisions"}],"predecessor-version":[{"id":4411,"href":"https:\/\/coco7.hu\/en\/wp-json\/wp\/v2\/product\/4142\/revisions\/4411"}],"wp:featuredmedia":[{"embeddable":true,"href":"https:\/\/coco7.hu\/en\/wp-json\/wp\/v2\/media\/4143"}],"wp:attachment":[{"href":"https:\/\/coco7.hu\/en\/wp-json\/wp\/v2\/media?parent=4142"}],"wp:term":[{"taxonomy":"product_brand","embeddable":true,"href":"https:\/\/coco7.hu\/en\/wp-json\/wp\/v2\/product_brand?post=4142"},{"taxonomy":"product_cat","embeddable":true,"href":"https:\/\/coco7.hu\/en\/wp-json\/wp\/v2\/product_cat?post=4142"},{"taxonomy":"product_tag","embeddable":true,"href":"https:\/\/coco7.hu\/en\/wp-json\/wp\/v2\/product_tag?post=4142"}],"curies":[{"name":"wp","href":"https:\/\/api.w.org\/{rel}","templated":true}]}}