{"id":4136,"date":"2025-09-20T15:09:18","date_gmt":"2025-09-20T15:09:18","guid":{"rendered":"https:\/\/coco7.hu\/?post_type=product&#038;p=4136"},"modified":"2025-10-15T13:48:49","modified_gmt":"2025-10-15T13:48:49","slug":"malnas-tablacsoki-2","status":"publish","type":"product","link":"https:\/\/coco7.hu\/en\/product\/malnas-tablacsoki-2\/","title":{"rendered":"M\u00e1ln\u00e1s t\u00e1blacsoki"},"content":{"rendered":"<p>liofiliz\u00e1lt m\u00e1ln\u00e1val \u00edzes\u00edtett csokol\u00e1d\u00e9 t\u00e1bla \u2013 (n\u00e1dcukor, kaka\u00f3vaj, liofiliz\u00e1lt m\u00e1lna, napraforg\u00f3 lecitin)<br \/>\n<strong>TEJMENTES, GLUT\u00c9NMENTES, VEG\u00c1N!<\/strong><\/p>\n<p>&nbsp;<\/p>\n<p>Term\u00e9k\u00fcnk bonbon v\u00e1logat\u00e1s r\u00e9szek\u00e9nt \u00e9rhet\u0151 el. Bonbon v\u00e1logat\u00e1s\u00e9rt <strong><a href=\"https:\/\/coco7.hu\/en\/webaruhaz\/\">ir\u00e1ny a webshop<\/a><\/strong>!<\/p>","protected":false},"excerpt":{"rendered":"<p>liofiliz\u00e1lt m\u00e1ln\u00e1val \u00edzes\u00edtett csokol\u00e1d\u00e9 t\u00e1bla \u2013 (n\u00e1dcukor, kaka\u00f3vaj, liofiliz\u00e1lt m\u00e1lna, napraforg\u00f3 lecitin) TEJMENTES, GLUT\u00c9NMENTES, VEG\u00c1N! &nbsp; Term\u00e9k\u00fcnk bonbon v\u00e1logat\u00e1s r\u00e9szek\u00e9nt \u00e9rhet\u0151 el. Bonbon v\u00e1logat\u00e1s\u00e9rt ir\u00e1ny a webshop!<\/p>","protected":false},"featured_media":4137,"comment_status":"open","ping_status":"closed","template":"","meta":[],"product_brand":[],"product_cat":[95],"product_tag":[],"class_list":{"0":"post-4136","1":"product","2":"type-product","3":"status-publish","4":"has-post-thumbnail","6":"product_cat-bonbonok-es-csokoladek","8":"first","9":"instock","10":"taxable","11":"shipping-taxable","12":"product-type-simple"},"_links":{"self":[{"href":"https:\/\/coco7.hu\/en\/wp-json\/wp\/v2\/product\/4136","targetHints":{"allow":["GET"]}}],"collection":[{"href":"https:\/\/coco7.hu\/en\/wp-json\/wp\/v2\/product"}],"about":[{"href":"https:\/\/coco7.hu\/en\/wp-json\/wp\/v2\/types\/product"}],"replies":[{"embeddable":true,"href":"https:\/\/coco7.hu\/en\/wp-json\/wp\/v2\/comments?post=4136"}],"version-history":[{"count":3,"href":"https:\/\/coco7.hu\/en\/wp-json\/wp\/v2\/product\/4136\/revisions"}],"predecessor-version":[{"id":4414,"href":"https:\/\/coco7.hu\/en\/wp-json\/wp\/v2\/product\/4136\/revisions\/4414"}],"wp:featuredmedia":[{"embeddable":true,"href":"https:\/\/coco7.hu\/en\/wp-json\/wp\/v2\/media\/4137"}],"wp:attachment":[{"href":"https:\/\/coco7.hu\/en\/wp-json\/wp\/v2\/media?parent=4136"}],"wp:term":[{"taxonomy":"product_brand","embeddable":true,"href":"https:\/\/coco7.hu\/en\/wp-json\/wp\/v2\/product_brand?post=4136"},{"taxonomy":"product_cat","embeddable":true,"href":"https:\/\/coco7.hu\/en\/wp-json\/wp\/v2\/product_cat?post=4136"},{"taxonomy":"product_tag","embeddable":true,"href":"https:\/\/coco7.hu\/en\/wp-json\/wp\/v2\/product_tag?post=4136"}],"curies":[{"name":"wp","href":"https:\/\/api.w.org\/{rel}","templated":true}]}}