{"id":4115,"date":"2025-09-20T15:03:03","date_gmt":"2025-09-20T15:03:03","guid":{"rendered":"https:\/\/coco7.hu\/?post_type=product&#038;p=4115"},"modified":"2025-10-15T13:49:12","modified_gmt":"2025-10-15T13:49:12","slug":"dulce-de-leche","status":"publish","type":"product","link":"https:\/\/coco7.hu\/en\/product\/dulce-de-leche\/","title":{"rendered":"Dulce de leche"},"content":{"rendered":"<p>S\u0171r\u0171 karamell \u00e9s k\u00e1v\u00e9 kr\u00e9mmel t\u00f6lt\u00f6tt bonbon (tej, sz\u00f3ja)<\/p>\n<p>Term\u00e9k\u00fcnk bonbon v\u00e1logat\u00e1s r\u00e9szek\u00e9nt \u00e9rhet\u0151 el. Bonbon v\u00e1logat\u00e1s\u00e9rt <strong><a href=\"https:\/\/coco7.hu\/en\/webaruhaz\/\">ir\u00e1ny a webshop<\/a><\/strong>!<\/p>","protected":false},"excerpt":{"rendered":"<p>S\u0171r\u0171 karamell \u00e9s k\u00e1v\u00e9 kr\u00e9mmel t\u00f6lt\u00f6tt bonbon (tej, sz\u00f3ja) Term\u00e9k\u00fcnk bonbon v\u00e1logat\u00e1s r\u00e9szek\u00e9nt \u00e9rhet\u0151 el. Bonbon v\u00e1logat\u00e1s\u00e9rt ir\u00e1ny a webshop!<\/p>","protected":false},"featured_media":4116,"comment_status":"open","ping_status":"closed","template":"","meta":[],"product_brand":[],"product_cat":[95],"product_tag":[],"class_list":{"0":"post-4115","1":"product","2":"type-product","3":"status-publish","4":"has-post-thumbnail","6":"product_cat-bonbonok-es-csokoladek","8":"first","9":"instock","10":"taxable","11":"shipping-taxable","12":"product-type-simple"},"_links":{"self":[{"href":"https:\/\/coco7.hu\/en\/wp-json\/wp\/v2\/product\/4115","targetHints":{"allow":["GET"]}}],"collection":[{"href":"https:\/\/coco7.hu\/en\/wp-json\/wp\/v2\/product"}],"about":[{"href":"https:\/\/coco7.hu\/en\/wp-json\/wp\/v2\/types\/product"}],"replies":[{"embeddable":true,"href":"https:\/\/coco7.hu\/en\/wp-json\/wp\/v2\/comments?post=4115"}],"version-history":[{"count":3,"href":"https:\/\/coco7.hu\/en\/wp-json\/wp\/v2\/product\/4115\/revisions"}],"predecessor-version":[{"id":4422,"href":"https:\/\/coco7.hu\/en\/wp-json\/wp\/v2\/product\/4115\/revisions\/4422"}],"wp:featuredmedia":[{"embeddable":true,"href":"https:\/\/coco7.hu\/en\/wp-json\/wp\/v2\/media\/4116"}],"wp:attachment":[{"href":"https:\/\/coco7.hu\/en\/wp-json\/wp\/v2\/media?parent=4115"}],"wp:term":[{"taxonomy":"product_brand","embeddable":true,"href":"https:\/\/coco7.hu\/en\/wp-json\/wp\/v2\/product_brand?post=4115"},{"taxonomy":"product_cat","embeddable":true,"href":"https:\/\/coco7.hu\/en\/wp-json\/wp\/v2\/product_cat?post=4115"},{"taxonomy":"product_tag","embeddable":true,"href":"https:\/\/coco7.hu\/en\/wp-json\/wp\/v2\/product_tag?post=4115"}],"curies":[{"name":"wp","href":"https:\/\/api.w.org\/{rel}","templated":true}]}}