{"id":4112,"date":"2025-09-20T15:01:46","date_gmt":"2025-09-20T15:01:46","guid":{"rendered":"https:\/\/coco7.hu\/?post_type=product&#038;p=4112"},"modified":"2025-10-15T13:49:21","modified_gmt":"2025-10-15T13:49:21","slug":"limoncello","status":"publish","type":"product","link":"https:\/\/coco7.hu\/en\/product\/limoncello\/","title":{"rendered":"Limoncello"},"content":{"rendered":"<p>Alkoholos bonbon tejsz\u00ednes Limoncello kr\u00e9mmel \u2013 tejsz\u00edn, feh\u00e9rcsokol\u00e1d\u00e9, Limoncello, tiszta szesz (tej, sz\u00f3ja)<\/p>\n<p>Term\u00e9k\u00fcnk bonbon v\u00e1logat\u00e1s r\u00e9szek\u00e9nt \u00e9rhet\u0151 el. Bonbon v\u00e1logat\u00e1s\u00e9rt <strong><a href=\"https:\/\/coco7.hu\/en\/webaruhaz\/\">ir\u00e1ny a webshop<\/a><\/strong>!<\/p>","protected":false},"excerpt":{"rendered":"<p><img fetchpriority=\"high\" decoding=\"async\" class=\"alignnone size-medium wp-image-4113\" src=\"https:\/\/coco7.hu\/wp-content\/uploads\/2025\/09\/image1-31-300x199.jpeg\" alt=\"\" width=\"300\" height=\"199\" srcset=\"https:\/\/coco7.hu\/wp-content\/uploads\/2025\/09\/image1-31-300x199.jpeg 300w, https:\/\/coco7.hu\/wp-content\/uploads\/2025\/09\/image1-31-18x12.jpeg 18w, https:\/\/coco7.hu\/wp-content\/uploads\/2025\/09\/image1-31.jpeg 540w\" sizes=\"(max-width: 300px) 100vw, 300px\" \/><\/p>","protected":false},"featured_media":4113,"comment_status":"open","ping_status":"closed","template":"","meta":[],"product_brand":[],"product_cat":[95],"product_tag":[],"class_list":{"0":"post-4112","1":"product","2":"type-product","3":"status-publish","4":"has-post-thumbnail","6":"product_cat-bonbonok-es-csokoladek","8":"first","9":"instock","10":"taxable","11":"shipping-taxable","12":"product-type-simple"},"_links":{"self":[{"href":"https:\/\/coco7.hu\/en\/wp-json\/wp\/v2\/product\/4112","targetHints":{"allow":["GET"]}}],"collection":[{"href":"https:\/\/coco7.hu\/en\/wp-json\/wp\/v2\/product"}],"about":[{"href":"https:\/\/coco7.hu\/en\/wp-json\/wp\/v2\/types\/product"}],"replies":[{"embeddable":true,"href":"https:\/\/coco7.hu\/en\/wp-json\/wp\/v2\/comments?post=4112"}],"version-history":[{"count":2,"href":"https:\/\/coco7.hu\/en\/wp-json\/wp\/v2\/product\/4112\/revisions"}],"predecessor-version":[{"id":4423,"href":"https:\/\/coco7.hu\/en\/wp-json\/wp\/v2\/product\/4112\/revisions\/4423"}],"wp:featuredmedia":[{"embeddable":true,"href":"https:\/\/coco7.hu\/en\/wp-json\/wp\/v2\/media\/4113"}],"wp:attachment":[{"href":"https:\/\/coco7.hu\/en\/wp-json\/wp\/v2\/media?parent=4112"}],"wp:term":[{"taxonomy":"product_brand","embeddable":true,"href":"https:\/\/coco7.hu\/en\/wp-json\/wp\/v2\/product_brand?post=4112"},{"taxonomy":"product_cat","embeddable":true,"href":"https:\/\/coco7.hu\/en\/wp-json\/wp\/v2\/product_cat?post=4112"},{"taxonomy":"product_tag","embeddable":true,"href":"https:\/\/coco7.hu\/en\/wp-json\/wp\/v2\/product_tag?post=4112"}],"curies":[{"name":"wp","href":"https:\/\/api.w.org\/{rel}","templated":true}]}}