{"id":3324,"date":"2022-11-24T16:56:06","date_gmt":"2022-11-24T16:56:06","guid":{"rendered":"https:\/\/coco7.hu\/?post_type=product&#038;p=3324"},"modified":"2025-12-11T12:23:04","modified_gmt":"2025-12-11T12:23:04","slug":"marcipanos-csokis-bejgli","status":"publish","type":"product","link":"https:\/\/coco7.hu\/en\/product\/marcipanos-csokis-bejgli\/","title":{"rendered":"Marcip\u00e1nos-csokis bejgli 500g"},"content":{"rendered":"","protected":false},"excerpt":{"rendered":"<p>V\u00e9konyra ny\u00fajtott mandulamarcip\u00e1n \u00e9s l\u00e1gy csokol\u00e1d\u00e9s mogyor\u00f3kr\u00e9mmel t\u00f6lt\u00f6tt bejgli<\/p>","protected":false},"featured_media":3318,"comment_status":"open","ping_status":"closed","template":"","meta":[],"product_brand":[],"product_cat":[15,57,59],"product_tag":[],"class_list":{"0":"post-3324","1":"product","2":"type-product","3":"status-publish","4":"has-post-thumbnail","6":"product_cat-minden-termek","7":"product_cat-desszertek","8":"product_cat-szezonalis-ajanlatok","10":"first","11":"instock","12":"taxable","13":"shipping-taxable","14":"purchasable","15":"product-type-simple"},"_links":{"self":[{"href":"https:\/\/coco7.hu\/en\/wp-json\/wp\/v2\/product\/3324","targetHints":{"allow":["GET"]}}],"collection":[{"href":"https:\/\/coco7.hu\/en\/wp-json\/wp\/v2\/product"}],"about":[{"href":"https:\/\/coco7.hu\/en\/wp-json\/wp\/v2\/types\/product"}],"replies":[{"embeddable":true,"href":"https:\/\/coco7.hu\/en\/wp-json\/wp\/v2\/comments?post=3324"}],"version-history":[{"count":1,"href":"https:\/\/coco7.hu\/en\/wp-json\/wp\/v2\/product\/3324\/revisions"}],"predecessor-version":[{"id":4501,"href":"https:\/\/coco7.hu\/en\/wp-json\/wp\/v2\/product\/3324\/revisions\/4501"}],"wp:featuredmedia":[{"embeddable":true,"href":"https:\/\/coco7.hu\/en\/wp-json\/wp\/v2\/media\/3318"}],"wp:attachment":[{"href":"https:\/\/coco7.hu\/en\/wp-json\/wp\/v2\/media?parent=3324"}],"wp:term":[{"taxonomy":"product_brand","embeddable":true,"href":"https:\/\/coco7.hu\/en\/wp-json\/wp\/v2\/product_brand?post=3324"},{"taxonomy":"product_cat","embeddable":true,"href":"https:\/\/coco7.hu\/en\/wp-json\/wp\/v2\/product_cat?post=3324"},{"taxonomy":"product_tag","embeddable":true,"href":"https:\/\/coco7.hu\/en\/wp-json\/wp\/v2\/product_tag?post=3324"}],"curies":[{"name":"wp","href":"https:\/\/api.w.org\/{rel}","templated":true}]}}