{"id":3323,"date":"2022-11-24T16:54:47","date_gmt":"2022-11-24T16:54:47","guid":{"rendered":"https:\/\/coco7.hu\/?post_type=product&#038;p=3323"},"modified":"2025-11-27T11:48:10","modified_gmt":"2025-11-27T11:48:10","slug":"gesztenyes-meggyes-bejgli","status":"publish","type":"product","link":"https:\/\/coco7.hu\/en\/product\/gesztenyes-meggyes-bejgli\/","title":{"rendered":"Geszteny\u00e9s-meggyes bejgli 500g"},"content":{"rendered":"","protected":false},"excerpt":{"rendered":"<p>Meggyes-geszteny\u00e9s t\u00f6ltel\u00e9kkel gazdag\u00edtott bejgli<\/p>","protected":false},"featured_media":3318,"comment_status":"open","ping_status":"closed","template":"","meta":[],"product_brand":[],"product_cat":[15,57,59],"product_tag":[],"class_list":{"0":"post-3323","1":"product","2":"type-product","3":"status-publish","4":"has-post-thumbnail","6":"product_cat-minden-termek","7":"product_cat-desszertek","8":"product_cat-szezonalis-ajanlatok","10":"first","11":"instock","12":"taxable","13":"shipping-taxable","14":"purchasable","15":"product-type-simple"},"_links":{"self":[{"href":"https:\/\/coco7.hu\/en\/wp-json\/wp\/v2\/product\/3323","targetHints":{"allow":["GET"]}}],"collection":[{"href":"https:\/\/coco7.hu\/en\/wp-json\/wp\/v2\/product"}],"about":[{"href":"https:\/\/coco7.hu\/en\/wp-json\/wp\/v2\/types\/product"}],"replies":[{"embeddable":true,"href":"https:\/\/coco7.hu\/en\/wp-json\/wp\/v2\/comments?post=3323"}],"version-history":[{"count":1,"href":"https:\/\/coco7.hu\/en\/wp-json\/wp\/v2\/product\/3323\/revisions"}],"predecessor-version":[{"id":4500,"href":"https:\/\/coco7.hu\/en\/wp-json\/wp\/v2\/product\/3323\/revisions\/4500"}],"wp:featuredmedia":[{"embeddable":true,"href":"https:\/\/coco7.hu\/en\/wp-json\/wp\/v2\/media\/3318"}],"wp:attachment":[{"href":"https:\/\/coco7.hu\/en\/wp-json\/wp\/v2\/media?parent=3323"}],"wp:term":[{"taxonomy":"product_brand","embeddable":true,"href":"https:\/\/coco7.hu\/en\/wp-json\/wp\/v2\/product_brand?post=3323"},{"taxonomy":"product_cat","embeddable":true,"href":"https:\/\/coco7.hu\/en\/wp-json\/wp\/v2\/product_cat?post=3323"},{"taxonomy":"product_tag","embeddable":true,"href":"https:\/\/coco7.hu\/en\/wp-json\/wp\/v2\/product_tag?post=3323"}],"curies":[{"name":"wp","href":"https:\/\/api.w.org\/{rel}","templated":true}]}}