{"id":2981,"date":"2021-03-17T16:23:48","date_gmt":"2021-03-17T16:23:48","guid":{"rendered":"https:\/\/coco7.hu\/?post_type=product&#038;p=2981"},"modified":"2024-07-08T07:40:02","modified_gmt":"2024-07-08T07:40:02","slug":"fuszer-bonbon","status":"publish","type":"product","link":"https:\/\/coco7.hu\/en\/product\/fuszer-bonbon\/","title":{"rendered":"Coc\u00f37 9 darabos bonbonv\u00e1logat\u00e1s"},"content":{"rendered":"","protected":false},"excerpt":{"rendered":"<p>V\u00e1logat\u00e1s gy\u00fcm\u00f6lcs\u00f6s bonbonjaink k\u00f6z\u00fcl (meggy-kardamom, chilis narancs, gy\u00f3mb\u00e9r, tropicana, menta, s\u00e1rgabarack-van\u00edlia, fah\u00e9jas narancs, passi\u00f3)<\/p>","protected":false},"featured_media":2982,"comment_status":"open","ping_status":"closed","template":"","meta":[],"product_brand":[],"product_cat":[15,80,82],"product_tag":[63,76],"class_list":{"0":"post-2981","1":"product","2":"type-product","3":"status-publish","4":"has-post-thumbnail","6":"product_cat-minden-termek","7":"product_cat-ajandek-csomag","8":"product_cat-ceges","9":"product_tag-kendioxid-szulfit","10":"product_tag-tej","12":"first","13":"instock","14":"taxable","15":"shipping-taxable","16":"purchasable","17":"product-type-simple"},"_links":{"self":[{"href":"https:\/\/coco7.hu\/en\/wp-json\/wp\/v2\/product\/2981","targetHints":{"allow":["GET"]}}],"collection":[{"href":"https:\/\/coco7.hu\/en\/wp-json\/wp\/v2\/product"}],"about":[{"href":"https:\/\/coco7.hu\/en\/wp-json\/wp\/v2\/types\/product"}],"replies":[{"embeddable":true,"href":"https:\/\/coco7.hu\/en\/wp-json\/wp\/v2\/comments?post=2981"}],"version-history":[{"count":1,"href":"https:\/\/coco7.hu\/en\/wp-json\/wp\/v2\/product\/2981\/revisions"}],"predecessor-version":[{"id":2984,"href":"https:\/\/coco7.hu\/en\/wp-json\/wp\/v2\/product\/2981\/revisions\/2984"}],"wp:featuredmedia":[{"embeddable":true,"href":"https:\/\/coco7.hu\/en\/wp-json\/wp\/v2\/media\/2982"}],"wp:attachment":[{"href":"https:\/\/coco7.hu\/en\/wp-json\/wp\/v2\/media?parent=2981"}],"wp:term":[{"taxonomy":"product_brand","embeddable":true,"href":"https:\/\/coco7.hu\/en\/wp-json\/wp\/v2\/product_brand?post=2981"},{"taxonomy":"product_cat","embeddable":true,"href":"https:\/\/coco7.hu\/en\/wp-json\/wp\/v2\/product_cat?post=2981"},{"taxonomy":"product_tag","embeddable":true,"href":"https:\/\/coco7.hu\/en\/wp-json\/wp\/v2\/product_tag?post=2981"}],"curies":[{"name":"wp","href":"https:\/\/api.w.org\/{rel}","templated":true}]}}