{"id":2975,"date":"2021-03-17T16:22:34","date_gmt":"2021-03-17T16:22:34","guid":{"rendered":"https:\/\/coco7.hu\/?post_type=product&#038;p=2975"},"modified":"2024-07-08T07:40:31","modified_gmt":"2024-07-08T07:40:31","slug":"magvas-bonbon","status":"publish","type":"product","link":"https:\/\/coco7.hu\/en\/product\/magvas-bonbon\/","title":{"rendered":"Coc\u00f37 4 darabos bonbonv\u00e1logat\u00e1s"},"content":{"rendered":"","protected":false},"excerpt":{"rendered":"<p>Piszt\u00e1cia meggyel, t\u00f6kmag pralin\u00e9, piemonti mogyor\u00f3 pralin\u00e9, mogyor\u00f3kr\u00e9m eg\u00e9sz makad\u00e1mdi\u00f3val<\/p>","protected":false},"featured_media":2976,"comment_status":"open","ping_status":"closed","template":"","meta":[],"product_brand":[],"product_cat":[15],"product_tag":[],"class_list":{"0":"post-2975","1":"product","2":"type-product","3":"status-publish","4":"has-post-thumbnail","6":"product_cat-minden-termek","8":"first","9":"instock","10":"taxable","11":"shipping-taxable","12":"purchasable","13":"product-type-simple"},"_links":{"self":[{"href":"https:\/\/coco7.hu\/en\/wp-json\/wp\/v2\/product\/2975","targetHints":{"allow":["GET"]}}],"collection":[{"href":"https:\/\/coco7.hu\/en\/wp-json\/wp\/v2\/product"}],"about":[{"href":"https:\/\/coco7.hu\/en\/wp-json\/wp\/v2\/types\/product"}],"replies":[{"embeddable":true,"href":"https:\/\/coco7.hu\/en\/wp-json\/wp\/v2\/comments?post=2975"}],"version-history":[{"count":1,"href":"https:\/\/coco7.hu\/en\/wp-json\/wp\/v2\/product\/2975\/revisions"}],"predecessor-version":[{"id":2987,"href":"https:\/\/coco7.hu\/en\/wp-json\/wp\/v2\/product\/2975\/revisions\/2987"}],"wp:featuredmedia":[{"embeddable":true,"href":"https:\/\/coco7.hu\/en\/wp-json\/wp\/v2\/media\/2976"}],"wp:attachment":[{"href":"https:\/\/coco7.hu\/en\/wp-json\/wp\/v2\/media?parent=2975"}],"wp:term":[{"taxonomy":"product_brand","embeddable":true,"href":"https:\/\/coco7.hu\/en\/wp-json\/wp\/v2\/product_brand?post=2975"},{"taxonomy":"product_cat","embeddable":true,"href":"https:\/\/coco7.hu\/en\/wp-json\/wp\/v2\/product_cat?post=2975"},{"taxonomy":"product_tag","embeddable":true,"href":"https:\/\/coco7.hu\/en\/wp-json\/wp\/v2\/product_tag?post=2975"}],"curies":[{"name":"wp","href":"https:\/\/api.w.org\/{rel}","templated":true}]}}