{"id":2968,"date":"2021-03-17T16:13:01","date_gmt":"2021-03-17T16:13:01","guid":{"rendered":"https:\/\/coco7.hu\/?post_type=product&#038;p=2968"},"modified":"2024-03-08T23:46:29","modified_gmt":"2024-03-08T23:46:29","slug":"mentes-bonbon","status":"publish","type":"product","link":"https:\/\/coco7.hu\/en\/product\/mentes-bonbon\/","title":{"rendered":"Cukormentes bonbon (aktu\u00e1lis k\u00e9szletb\u0151l)"},"content":{"rendered":"","protected":false},"excerpt":{"rendered":"<p>Cukormentes bonbonok (yuzu, mogyor\u00f3, mandula, thai tea, chilis narancsos)<\/p>","protected":false},"featured_media":2969,"comment_status":"open","ping_status":"closed","template":"","meta":[],"product_brand":[],"product_cat":[15],"product_tag":[],"class_list":{"0":"post-2968","1":"product","2":"type-product","3":"status-publish","4":"has-post-thumbnail","6":"product_cat-minden-termek","8":"first","9":"outofstock","10":"taxable","11":"shipping-taxable","12":"purchasable","13":"product-type-simple"},"_links":{"self":[{"href":"https:\/\/coco7.hu\/en\/wp-json\/wp\/v2\/product\/2968","targetHints":{"allow":["GET"]}}],"collection":[{"href":"https:\/\/coco7.hu\/en\/wp-json\/wp\/v2\/product"}],"about":[{"href":"https:\/\/coco7.hu\/en\/wp-json\/wp\/v2\/types\/product"}],"replies":[{"embeddable":true,"href":"https:\/\/coco7.hu\/en\/wp-json\/wp\/v2\/comments?post=2968"}],"version-history":[{"count":1,"href":"https:\/\/coco7.hu\/en\/wp-json\/wp\/v2\/product\/2968\/revisions"}],"predecessor-version":[{"id":2990,"href":"https:\/\/coco7.hu\/en\/wp-json\/wp\/v2\/product\/2968\/revisions\/2990"}],"wp:featuredmedia":[{"embeddable":true,"href":"https:\/\/coco7.hu\/en\/wp-json\/wp\/v2\/media\/2969"}],"wp:attachment":[{"href":"https:\/\/coco7.hu\/en\/wp-json\/wp\/v2\/media?parent=2968"}],"wp:term":[{"taxonomy":"product_brand","embeddable":true,"href":"https:\/\/coco7.hu\/en\/wp-json\/wp\/v2\/product_brand?post=2968"},{"taxonomy":"product_cat","embeddable":true,"href":"https:\/\/coco7.hu\/en\/wp-json\/wp\/v2\/product_cat?post=2968"},{"taxonomy":"product_tag","embeddable":true,"href":"https:\/\/coco7.hu\/en\/wp-json\/wp\/v2\/product_tag?post=2968"}],"curies":[{"name":"wp","href":"https:\/\/api.w.org\/{rel}","templated":true}]}}