{"id":2953,"date":"2021-03-17T16:10:04","date_gmt":"2021-03-17T16:10:04","guid":{"rendered":"https:\/\/coco7.hu\/?post_type=product&#038;p=2953"},"modified":"2025-04-04T14:50:12","modified_gmt":"2025-04-04T14:50:12","slug":"malnasziv-bonbon","status":"publish","type":"product","link":"https:\/\/coco7.hu\/en\/product\/malnasziv-bonbon\/","title":{"rendered":"M\u00e1lna sz\u00edv bonbon"},"content":{"rendered":"","protected":false},"excerpt":{"rendered":"<p>Fantasztikus Valrhona francia liofiliz\u00e1lt m\u00e1ln\u00e1val sz\u00ednezett \u00e9s \u00edzes\u00edtett burokban l\u00e1gy van\u00edliakr\u00e9m<\/p>","protected":false},"featured_media":2954,"comment_status":"open","ping_status":"closed","template":"","meta":[],"product_brand":[],"product_cat":[15],"product_tag":[],"class_list":{"0":"post-2953","1":"product","2":"type-product","3":"status-publish","4":"has-post-thumbnail","6":"product_cat-minden-termek","8":"first","9":"instock","10":"taxable","11":"shipping-taxable","12":"purchasable","13":"product-type-simple"},"_links":{"self":[{"href":"https:\/\/coco7.hu\/en\/wp-json\/wp\/v2\/product\/2953","targetHints":{"allow":["GET"]}}],"collection":[{"href":"https:\/\/coco7.hu\/en\/wp-json\/wp\/v2\/product"}],"about":[{"href":"https:\/\/coco7.hu\/en\/wp-json\/wp\/v2\/types\/product"}],"replies":[{"embeddable":true,"href":"https:\/\/coco7.hu\/en\/wp-json\/wp\/v2\/comments?post=2953"}],"version-history":[{"count":1,"href":"https:\/\/coco7.hu\/en\/wp-json\/wp\/v2\/product\/2953\/revisions"}],"predecessor-version":[{"id":2992,"href":"https:\/\/coco7.hu\/en\/wp-json\/wp\/v2\/product\/2953\/revisions\/2992"}],"wp:featuredmedia":[{"embeddable":true,"href":"https:\/\/coco7.hu\/en\/wp-json\/wp\/v2\/media\/2954"}],"wp:attachment":[{"href":"https:\/\/coco7.hu\/en\/wp-json\/wp\/v2\/media?parent=2953"}],"wp:term":[{"taxonomy":"product_brand","embeddable":true,"href":"https:\/\/coco7.hu\/en\/wp-json\/wp\/v2\/product_brand?post=2953"},{"taxonomy":"product_cat","embeddable":true,"href":"https:\/\/coco7.hu\/en\/wp-json\/wp\/v2\/product_cat?post=2953"},{"taxonomy":"product_tag","embeddable":true,"href":"https:\/\/coco7.hu\/en\/wp-json\/wp\/v2\/product_tag?post=2953"}],"curies":[{"name":"wp","href":"https:\/\/api.w.org\/{rel}","templated":true}]}}