{"id":2949,"date":"2021-03-17T16:08:52","date_gmt":"2021-03-17T16:08:52","guid":{"rendered":"https:\/\/coco7.hu\/?post_type=product&#038;p=2949"},"modified":"2024-07-08T07:41:00","modified_gmt":"2024-07-08T07:41:00","slug":"serkento-bonbon","status":"publish","type":"product","link":"https:\/\/coco7.hu\/en\/product\/serkento-bonbon\/","title":{"rendered":"Coc\u00f37 4 darabos bonbonv\u00e1logat\u00e1s"},"content":{"rendered":"","protected":false},"excerpt":{"rendered":"<p>K\u00e9tf\u00e9le k\u00e1v\u00e9s, egy Earl Grey ban\u00e1nos \u00e9s egy te\u00e1s bonbon az igazi \u00e9bred\u00e9s\u00e9rt<\/p>","protected":false},"featured_media":2950,"comment_status":"open","ping_status":"closed","template":"","meta":[],"product_brand":[],"product_cat":[15,80,82,59],"product_tag":[],"class_list":{"0":"post-2949","1":"product","2":"type-product","3":"status-publish","4":"has-post-thumbnail","6":"product_cat-minden-termek","7":"product_cat-ajandek-csomag","8":"product_cat-ceges","9":"product_cat-szezonalis-ajanlatok","11":"first","12":"instock","13":"taxable","14":"shipping-taxable","15":"purchasable","16":"product-type-simple"},"_links":{"self":[{"href":"https:\/\/coco7.hu\/en\/wp-json\/wp\/v2\/product\/2949","targetHints":{"allow":["GET"]}}],"collection":[{"href":"https:\/\/coco7.hu\/en\/wp-json\/wp\/v2\/product"}],"about":[{"href":"https:\/\/coco7.hu\/en\/wp-json\/wp\/v2\/types\/product"}],"replies":[{"embeddable":true,"href":"https:\/\/coco7.hu\/en\/wp-json\/wp\/v2\/comments?post=2949"}],"version-history":[{"count":1,"href":"https:\/\/coco7.hu\/en\/wp-json\/wp\/v2\/product\/2949\/revisions"}],"predecessor-version":[{"id":2993,"href":"https:\/\/coco7.hu\/en\/wp-json\/wp\/v2\/product\/2949\/revisions\/2993"}],"wp:featuredmedia":[{"embeddable":true,"href":"https:\/\/coco7.hu\/en\/wp-json\/wp\/v2\/media\/2950"}],"wp:attachment":[{"href":"https:\/\/coco7.hu\/en\/wp-json\/wp\/v2\/media?parent=2949"}],"wp:term":[{"taxonomy":"product_brand","embeddable":true,"href":"https:\/\/coco7.hu\/en\/wp-json\/wp\/v2\/product_brand?post=2949"},{"taxonomy":"product_cat","embeddable":true,"href":"https:\/\/coco7.hu\/en\/wp-json\/wp\/v2\/product_cat?post=2949"},{"taxonomy":"product_tag","embeddable":true,"href":"https:\/\/coco7.hu\/en\/wp-json\/wp\/v2\/product_tag?post=2949"}],"curies":[{"name":"wp","href":"https:\/\/api.w.org\/{rel}","templated":true}]}}