{"id":2944,"date":"2021-03-17T16:06:57","date_gmt":"2021-03-17T16:06:57","guid":{"rendered":"https:\/\/coco7.hu\/?post_type=product&#038;p=2944"},"modified":"2024-07-08T07:41:24","modified_gmt":"2024-07-08T07:41:24","slug":"bonbon-szivek","status":"publish","type":"product","link":"https:\/\/coco7.hu\/en\/product\/bonbon-szivek\/","title":{"rendered":"Coc\u00f37 bonbon sz\u00edvek"},"content":{"rendered":"","protected":false},"excerpt":{"rendered":"<p>N\u00e9gyf\u00e9le sz\u00edv bonbon &#8211; passi\u00f3karamell, eper-yuzu, csipkebogy\u00f3 \u00e9s m\u00e1ln\u00e1s van\u00edlia<\/p>","protected":false},"featured_media":2945,"comment_status":"open","ping_status":"closed","template":"","meta":[],"product_brand":[],"product_cat":[15],"product_tag":[],"class_list":{"0":"post-2944","1":"product","2":"type-product","3":"status-publish","4":"has-post-thumbnail","6":"product_cat-minden-termek","8":"first","9":"instock","10":"taxable","11":"shipping-taxable","12":"purchasable","13":"product-type-simple"},"_links":{"self":[{"href":"https:\/\/coco7.hu\/en\/wp-json\/wp\/v2\/product\/2944","targetHints":{"allow":["GET"]}}],"collection":[{"href":"https:\/\/coco7.hu\/en\/wp-json\/wp\/v2\/product"}],"about":[{"href":"https:\/\/coco7.hu\/en\/wp-json\/wp\/v2\/types\/product"}],"replies":[{"embeddable":true,"href":"https:\/\/coco7.hu\/en\/wp-json\/wp\/v2\/comments?post=2944"}],"version-history":[{"count":1,"href":"https:\/\/coco7.hu\/en\/wp-json\/wp\/v2\/product\/2944\/revisions"}],"predecessor-version":[{"id":2995,"href":"https:\/\/coco7.hu\/en\/wp-json\/wp\/v2\/product\/2944\/revisions\/2995"}],"wp:featuredmedia":[{"embeddable":true,"href":"https:\/\/coco7.hu\/en\/wp-json\/wp\/v2\/media\/2945"}],"wp:attachment":[{"href":"https:\/\/coco7.hu\/en\/wp-json\/wp\/v2\/media?parent=2944"}],"wp:term":[{"taxonomy":"product_brand","embeddable":true,"href":"https:\/\/coco7.hu\/en\/wp-json\/wp\/v2\/product_brand?post=2944"},{"taxonomy":"product_cat","embeddable":true,"href":"https:\/\/coco7.hu\/en\/wp-json\/wp\/v2\/product_cat?post=2944"},{"taxonomy":"product_tag","embeddable":true,"href":"https:\/\/coco7.hu\/en\/wp-json\/wp\/v2\/product_tag?post=2944"}],"curies":[{"name":"wp","href":"https:\/\/api.w.org\/{rel}","templated":true}]}}