{"id":2933,"date":"2021-03-17T16:03:19","date_gmt":"2021-03-17T16:03:19","guid":{"rendered":"https:\/\/coco7.hu\/?post_type=product&#038;p=2933"},"modified":"2026-02-27T16:03:57","modified_gmt":"2026-02-27T16:03:57","slug":"coco7-torta","status":"publish","type":"product","link":"https:\/\/coco7.hu\/en\/product\/coco7-torta\/","title":{"rendered":"Coc\u00f37 torta (10 szeletes &#8211; rendel\u00e9sre)"},"content":{"rendered":"<p>Gazdag csokol\u00e1d\u00e9s pisk\u00f3ta lapon mandula ropog\u00f3s, l\u00e1gy \u00e9tcsokol\u00e1d\u00e9 mousse, s\u00e1rgabarack-passi\u00f3 gy\u00fcm\u00f6lcs mousse \u00e9s csokol\u00e1d\u00e9s t\u00fck\u00f6r glaz\u00far.<\/p>","protected":false},"excerpt":{"rendered":"<p>Gazdag brownie alapon selymes \u00e9tcsokol\u00e1d\u00e9 mousse, mandula ropog\u00f3s \u00e9s s\u00e1rgabarack-passi\u00f3 mousse \u00f6tv\u00f6zete<\/p>","protected":false},"featured_media":3569,"comment_status":"open","ping_status":"closed","template":"","meta":[],"product_brand":[],"product_cat":[15,56],"product_tag":[],"class_list":{"0":"post-2933","1":"product","2":"type-product","3":"status-publish","4":"has-post-thumbnail","6":"product_cat-minden-termek","7":"product_cat-tortak","9":"first","10":"instock","11":"taxable","12":"shipping-taxable","13":"purchasable","14":"product-type-simple"},"_links":{"self":[{"href":"https:\/\/coco7.hu\/en\/wp-json\/wp\/v2\/product\/2933","targetHints":{"allow":["GET"]}}],"collection":[{"href":"https:\/\/coco7.hu\/en\/wp-json\/wp\/v2\/product"}],"about":[{"href":"https:\/\/coco7.hu\/en\/wp-json\/wp\/v2\/types\/product"}],"replies":[{"embeddable":true,"href":"https:\/\/coco7.hu\/en\/wp-json\/wp\/v2\/comments?post=2933"}],"version-history":[{"count":2,"href":"https:\/\/coco7.hu\/en\/wp-json\/wp\/v2\/product\/2933\/revisions"}],"predecessor-version":[{"id":4662,"href":"https:\/\/coco7.hu\/en\/wp-json\/wp\/v2\/product\/2933\/revisions\/4662"}],"wp:featuredmedia":[{"embeddable":true,"href":"https:\/\/coco7.hu\/en\/wp-json\/wp\/v2\/media\/3569"}],"wp:attachment":[{"href":"https:\/\/coco7.hu\/en\/wp-json\/wp\/v2\/media?parent=2933"}],"wp:term":[{"taxonomy":"product_brand","embeddable":true,"href":"https:\/\/coco7.hu\/en\/wp-json\/wp\/v2\/product_brand?post=2933"},{"taxonomy":"product_cat","embeddable":true,"href":"https:\/\/coco7.hu\/en\/wp-json\/wp\/v2\/product_cat?post=2933"},{"taxonomy":"product_tag","embeddable":true,"href":"https:\/\/coco7.hu\/en\/wp-json\/wp\/v2\/product_tag?post=2933"}],"curies":[{"name":"wp","href":"https:\/\/api.w.org\/{rel}","templated":true}]}}