{"id":2924,"date":"2021-03-17T16:01:00","date_gmt":"2021-03-17T16:01:00","guid":{"rendered":"https:\/\/coco7.hu\/?post_type=product&#038;p=2924"},"modified":"2025-04-04T14:52:13","modified_gmt":"2025-04-04T14:52:13","slug":"fustos-mono","status":"publish","type":"product","link":"https:\/\/coco7.hu\/en\/product\/fustos-mono\/","title":{"rendered":"F\u00fcst\u00f6s monodesszert (rendel\u00e9sre)"},"content":{"rendered":"","protected":false},"excerpt":{"rendered":"<p>P\u00e1pua-\u00daj Guineai csokol\u00e1d\u00e9b\u00f3l k\u00e9sz\u00fclt f\u00fcst\u00f6s \u00edz\u0171 mousse Bourbon whiskey zsel\u00e9vel \u00e9s kaka\u00f3babos ropog\u00f3ssal<\/p>","protected":false},"featured_media":2925,"comment_status":"open","ping_status":"closed","template":"","meta":[],"product_brand":[],"product_cat":[15,56],"product_tag":[],"class_list":{"0":"post-2924","1":"product","2":"type-product","3":"status-publish","4":"has-post-thumbnail","6":"product_cat-minden-termek","7":"product_cat-tortak","9":"first","10":"instock","11":"taxable","12":"shipping-taxable","13":"purchasable","14":"product-type-simple"},"_links":{"self":[{"href":"https:\/\/coco7.hu\/en\/wp-json\/wp\/v2\/product\/2924","targetHints":{"allow":["GET"]}}],"collection":[{"href":"https:\/\/coco7.hu\/en\/wp-json\/wp\/v2\/product"}],"about":[{"href":"https:\/\/coco7.hu\/en\/wp-json\/wp\/v2\/types\/product"}],"replies":[{"embeddable":true,"href":"https:\/\/coco7.hu\/en\/wp-json\/wp\/v2\/comments?post=2924"}],"version-history":[{"count":1,"href":"https:\/\/coco7.hu\/en\/wp-json\/wp\/v2\/product\/2924\/revisions"}],"predecessor-version":[{"id":2999,"href":"https:\/\/coco7.hu\/en\/wp-json\/wp\/v2\/product\/2924\/revisions\/2999"}],"wp:featuredmedia":[{"embeddable":true,"href":"https:\/\/coco7.hu\/en\/wp-json\/wp\/v2\/media\/2925"}],"wp:attachment":[{"href":"https:\/\/coco7.hu\/en\/wp-json\/wp\/v2\/media?parent=2924"}],"wp:term":[{"taxonomy":"product_brand","embeddable":true,"href":"https:\/\/coco7.hu\/en\/wp-json\/wp\/v2\/product_brand?post=2924"},{"taxonomy":"product_cat","embeddable":true,"href":"https:\/\/coco7.hu\/en\/wp-json\/wp\/v2\/product_cat?post=2924"},{"taxonomy":"product_tag","embeddable":true,"href":"https:\/\/coco7.hu\/en\/wp-json\/wp\/v2\/product_tag?post=2924"}],"curies":[{"name":"wp","href":"https:\/\/api.w.org\/{rel}","templated":true}]}}