{"id":2922,"date":"2021-03-17T16:00:22","date_gmt":"2021-03-17T16:00:22","guid":{"rendered":"https:\/\/coco7.hu\/?post_type=product&#038;p=2922"},"modified":"2021-03-22T13:32:01","modified_gmt":"2021-03-22T13:32:01","slug":"kakobab","status":"publish","type":"product","link":"https:\/\/coco7.hu\/en\/product\/kakobab\/","title":{"rendered":"Coc\u00f37 kaka\u00f3babt\u00f6ret d\u00edszszacsk\u00f3ban (200g)"},"content":{"rendered":"","protected":false},"excerpt":{"rendered":"<p>A kaka\u00f3bab k\u00f6ztudottan serkent\u0151 hat\u00e1s\u00fa, megfigyel\u00e9sek szerint j\u00f3t tesz a sz\u00edvnek \u00e9s az ereknek, tele van antioxid\u00e1nsokkal &#8211; nem hi\u00e1ba h\u00edvj\u00e1k az &#8222;istenek eledel\u00e9nek&#8221;<\/p>","protected":false},"featured_media":2923,"comment_status":"open","ping_status":"closed","template":"","meta":[],"product_brand":[],"product_cat":[15,60],"product_tag":[],"class_list":{"0":"post-2922","1":"product","2":"type-product","3":"status-publish","4":"has-post-thumbnail","6":"product_cat-minden-termek","7":"product_cat-kiegeszitok","9":"first","10":"instock","11":"taxable","12":"shipping-taxable","13":"purchasable","14":"product-type-simple"},"_links":{"self":[{"href":"https:\/\/coco7.hu\/en\/wp-json\/wp\/v2\/product\/2922","targetHints":{"allow":["GET"]}}],"collection":[{"href":"https:\/\/coco7.hu\/en\/wp-json\/wp\/v2\/product"}],"about":[{"href":"https:\/\/coco7.hu\/en\/wp-json\/wp\/v2\/types\/product"}],"replies":[{"embeddable":true,"href":"https:\/\/coco7.hu\/en\/wp-json\/wp\/v2\/comments?post=2922"}],"version-history":[{"count":1,"href":"https:\/\/coco7.hu\/en\/wp-json\/wp\/v2\/product\/2922\/revisions"}],"predecessor-version":[{"id":3000,"href":"https:\/\/coco7.hu\/en\/wp-json\/wp\/v2\/product\/2922\/revisions\/3000"}],"wp:featuredmedia":[{"embeddable":true,"href":"https:\/\/coco7.hu\/en\/wp-json\/wp\/v2\/media\/2923"}],"wp:attachment":[{"href":"https:\/\/coco7.hu\/en\/wp-json\/wp\/v2\/media?parent=2922"}],"wp:term":[{"taxonomy":"product_brand","embeddable":true,"href":"https:\/\/coco7.hu\/en\/wp-json\/wp\/v2\/product_brand?post=2922"},{"taxonomy":"product_cat","embeddable":true,"href":"https:\/\/coco7.hu\/en\/wp-json\/wp\/v2\/product_cat?post=2922"},{"taxonomy":"product_tag","embeddable":true,"href":"https:\/\/coco7.hu\/en\/wp-json\/wp\/v2\/product_tag?post=2922"}],"curies":[{"name":"wp","href":"https:\/\/api.w.org\/{rel}","templated":true}]}}