{"id":2919,"date":"2021-03-17T15:59:34","date_gmt":"2021-03-17T15:59:34","guid":{"rendered":"https:\/\/coco7.hu\/?post_type=product&#038;p=2919"},"modified":"2024-03-22T12:31:31","modified_gmt":"2024-03-22T12:31:31","slug":"macaron-2","status":"publish","type":"product","link":"https:\/\/coco7.hu\/en\/product\/macaron-2\/","title":{"rendered":"Coc\u00f37 macaron"},"content":{"rendered":"","protected":false},"excerpt":{"rendered":"<p>Mandulalisztb\u0151l, cukorb\u00f3l \u00e9s toj\u00e1sfeh\u00e9rj\u00e9b\u0151l k\u00e9sz\u00fclt habk\u00f6nny\u0171 \u00e9dess\u00e9g finomabbn\u00e1l finomabb t\u00f6ltel\u00e9kekkel<\/p>","protected":false},"featured_media":2920,"comment_status":"open","ping_status":"closed","template":"","meta":[],"product_brand":[],"product_cat":[15,57],"product_tag":[],"class_list":{"0":"post-2919","1":"product","2":"type-product","3":"status-publish","4":"has-post-thumbnail","6":"product_cat-minden-termek","7":"product_cat-desszertek","9":"first","10":"instock","11":"taxable","12":"shipping-taxable","13":"purchasable","14":"product-type-simple"},"_links":{"self":[{"href":"https:\/\/coco7.hu\/en\/wp-json\/wp\/v2\/product\/2919","targetHints":{"allow":["GET"]}}],"collection":[{"href":"https:\/\/coco7.hu\/en\/wp-json\/wp\/v2\/product"}],"about":[{"href":"https:\/\/coco7.hu\/en\/wp-json\/wp\/v2\/types\/product"}],"replies":[{"embeddable":true,"href":"https:\/\/coco7.hu\/en\/wp-json\/wp\/v2\/comments?post=2919"}],"version-history":[{"count":1,"href":"https:\/\/coco7.hu\/en\/wp-json\/wp\/v2\/product\/2919\/revisions"}],"predecessor-version":[{"id":3001,"href":"https:\/\/coco7.hu\/en\/wp-json\/wp\/v2\/product\/2919\/revisions\/3001"}],"wp:featuredmedia":[{"embeddable":true,"href":"https:\/\/coco7.hu\/en\/wp-json\/wp\/v2\/media\/2920"}],"wp:attachment":[{"href":"https:\/\/coco7.hu\/en\/wp-json\/wp\/v2\/media?parent=2919"}],"wp:term":[{"taxonomy":"product_brand","embeddable":true,"href":"https:\/\/coco7.hu\/en\/wp-json\/wp\/v2\/product_brand?post=2919"},{"taxonomy":"product_cat","embeddable":true,"href":"https:\/\/coco7.hu\/en\/wp-json\/wp\/v2\/product_cat?post=2919"},{"taxonomy":"product_tag","embeddable":true,"href":"https:\/\/coco7.hu\/en\/wp-json\/wp\/v2\/product_tag?post=2919"}],"curies":[{"name":"wp","href":"https:\/\/api.w.org\/{rel}","templated":true}]}}