{"id":2908,"date":"2021-03-17T15:54:13","date_gmt":"2021-03-17T15:54:13","guid":{"rendered":"https:\/\/coco7.hu\/?post_type=product&#038;p=2908"},"modified":"2024-11-10T00:50:13","modified_gmt":"2024-11-10T00:50:13","slug":"mentes-tokmag-mono","status":"publish","type":"product","link":"https:\/\/coco7.hu\/en\/product\/mentes-tokmag-mono\/","title":{"rendered":"Cukormentes t\u00f6kmag monodesszert (rendel\u00e9sre)"},"content":{"rendered":"","protected":false},"excerpt":{"rendered":"<p>Cukor- \u00e9s lisztmentes karamelliz\u00e1lt feh\u00e9rcsokol\u00e1d\u00e9 mousse, t\u00f6kmagos pisk\u00f3t\u00e1val \u00e9s s\u00e1rgabarack bet\u00e9ttel<\/p>","protected":false},"featured_media":2909,"comment_status":"open","ping_status":"closed","template":"","meta":[],"product_brand":[],"product_cat":[15],"product_tag":[],"class_list":{"0":"post-2908","1":"product","2":"type-product","3":"status-publish","4":"has-post-thumbnail","6":"product_cat-minden-termek","8":"first","9":"outofstock","10":"taxable","11":"shipping-taxable","12":"purchasable","13":"product-type-simple"},"_links":{"self":[{"href":"https:\/\/coco7.hu\/en\/wp-json\/wp\/v2\/product\/2908","targetHints":{"allow":["GET"]}}],"collection":[{"href":"https:\/\/coco7.hu\/en\/wp-json\/wp\/v2\/product"}],"about":[{"href":"https:\/\/coco7.hu\/en\/wp-json\/wp\/v2\/types\/product"}],"replies":[{"embeddable":true,"href":"https:\/\/coco7.hu\/en\/wp-json\/wp\/v2\/comments?post=2908"}],"version-history":[{"count":1,"href":"https:\/\/coco7.hu\/en\/wp-json\/wp\/v2\/product\/2908\/revisions"}],"predecessor-version":[{"id":3003,"href":"https:\/\/coco7.hu\/en\/wp-json\/wp\/v2\/product\/2908\/revisions\/3003"}],"wp:featuredmedia":[{"embeddable":true,"href":"https:\/\/coco7.hu\/en\/wp-json\/wp\/v2\/media\/2909"}],"wp:attachment":[{"href":"https:\/\/coco7.hu\/en\/wp-json\/wp\/v2\/media?parent=2908"}],"wp:term":[{"taxonomy":"product_brand","embeddable":true,"href":"https:\/\/coco7.hu\/en\/wp-json\/wp\/v2\/product_brand?post=2908"},{"taxonomy":"product_cat","embeddable":true,"href":"https:\/\/coco7.hu\/en\/wp-json\/wp\/v2\/product_cat?post=2908"},{"taxonomy":"product_tag","embeddable":true,"href":"https:\/\/coco7.hu\/en\/wp-json\/wp\/v2\/product_tag?post=2908"}],"curies":[{"name":"wp","href":"https:\/\/api.w.org\/{rel}","templated":true}]}}