{"id":2904,"date":"2021-03-17T15:53:24","date_gmt":"2021-03-17T15:53:24","guid":{"rendered":"https:\/\/coco7.hu\/?post_type=product&#038;p=2904"},"modified":"2025-04-04T14:52:39","modified_gmt":"2025-04-04T14:52:39","slug":"moco","status":"publish","type":"product","link":"https:\/\/coco7.hu\/en\/product\/moco\/","title":{"rendered":"Moc\u00f3 goly\u00f3 (rendel\u00e9sre)"},"content":{"rendered":"","protected":false},"excerpt":{"rendered":"<p>A m\u00e9lt\u00e1n h\u00edres Mozart-goly\u00f3 ihlette desszert &#8211; bel\u00fcl marcip\u00e1nos mogyor\u00f3nug\u00e1t, k\u00f6r\u00fcl\u00f6tte l\u00e1gy tejcsokol\u00e1d\u00e9 mousse, mandula ropog\u00f3s, kaka\u00f3s pisk\u00f3ta \u00e9s mindez ropog\u00f3s mogyor\u00f3s \u00e9tcsokol\u00e1d\u00e9ba m\u00e1rtva<\/p>","protected":false},"featured_media":2905,"comment_status":"open","ping_status":"closed","template":"","meta":[],"product_brand":[],"product_cat":[15,57,56],"product_tag":[],"class_list":{"0":"post-2904","1":"product","2":"type-product","3":"status-publish","4":"has-post-thumbnail","6":"product_cat-minden-termek","7":"product_cat-desszertek","8":"product_cat-tortak","10":"first","11":"instock","12":"taxable","13":"shipping-taxable","14":"purchasable","15":"product-type-simple"},"_links":{"self":[{"href":"https:\/\/coco7.hu\/en\/wp-json\/wp\/v2\/product\/2904","targetHints":{"allow":["GET"]}}],"collection":[{"href":"https:\/\/coco7.hu\/en\/wp-json\/wp\/v2\/product"}],"about":[{"href":"https:\/\/coco7.hu\/en\/wp-json\/wp\/v2\/types\/product"}],"replies":[{"embeddable":true,"href":"https:\/\/coco7.hu\/en\/wp-json\/wp\/v2\/comments?post=2904"}],"version-history":[{"count":1,"href":"https:\/\/coco7.hu\/en\/wp-json\/wp\/v2\/product\/2904\/revisions"}],"predecessor-version":[{"id":3004,"href":"https:\/\/coco7.hu\/en\/wp-json\/wp\/v2\/product\/2904\/revisions\/3004"}],"wp:featuredmedia":[{"embeddable":true,"href":"https:\/\/coco7.hu\/en\/wp-json\/wp\/v2\/media\/2905"}],"wp:attachment":[{"href":"https:\/\/coco7.hu\/en\/wp-json\/wp\/v2\/media?parent=2904"}],"wp:term":[{"taxonomy":"product_brand","embeddable":true,"href":"https:\/\/coco7.hu\/en\/wp-json\/wp\/v2\/product_brand?post=2904"},{"taxonomy":"product_cat","embeddable":true,"href":"https:\/\/coco7.hu\/en\/wp-json\/wp\/v2\/product_cat?post=2904"},{"taxonomy":"product_tag","embeddable":true,"href":"https:\/\/coco7.hu\/en\/wp-json\/wp\/v2\/product_tag?post=2904"}],"curies":[{"name":"wp","href":"https:\/\/api.w.org\/{rel}","templated":true}]}}