{"id":2895,"date":"2021-03-17T15:50:45","date_gmt":"2021-03-17T15:50:45","guid":{"rendered":"https:\/\/coco7.hu\/?post_type=product&#038;p=2895"},"modified":"2025-12-06T20:03:29","modified_gmt":"2025-12-06T20:03:29","slug":"nyuszi-4","status":"publish","type":"product","link":"https:\/\/coco7.hu\/en\/product\/nyuszi-4\/","title":{"rendered":"Coc\u00f37 \u00f3ri\u00e1s nyuszi  (500g)RENDEL\u00c9SRE"},"content":{"rendered":"","protected":false},"excerpt":{"rendered":"<p>\u00c9tcsokol\u00e1d\u00e9b\u00f3l k\u00e9sz\u00fclt \u00f3ri\u00e1s nyuszi figura<\/p>","protected":false},"featured_media":2896,"comment_status":"open","ping_status":"closed","template":"","meta":[],"product_brand":[],"product_cat":[15],"product_tag":[],"class_list":{"0":"post-2895","1":"product","2":"type-product","3":"status-publish","4":"has-post-thumbnail","6":"product_cat-minden-termek","8":"first","9":"outofstock","10":"taxable","11":"shipping-taxable","12":"purchasable","13":"product-type-simple"},"_links":{"self":[{"href":"https:\/\/coco7.hu\/en\/wp-json\/wp\/v2\/product\/2895","targetHints":{"allow":["GET"]}}],"collection":[{"href":"https:\/\/coco7.hu\/en\/wp-json\/wp\/v2\/product"}],"about":[{"href":"https:\/\/coco7.hu\/en\/wp-json\/wp\/v2\/types\/product"}],"replies":[{"embeddable":true,"href":"https:\/\/coco7.hu\/en\/wp-json\/wp\/v2\/comments?post=2895"}],"version-history":[{"count":3,"href":"https:\/\/coco7.hu\/en\/wp-json\/wp\/v2\/product\/2895\/revisions"}],"predecessor-version":[{"id":4562,"href":"https:\/\/coco7.hu\/en\/wp-json\/wp\/v2\/product\/2895\/revisions\/4562"}],"wp:featuredmedia":[{"embeddable":true,"href":"https:\/\/coco7.hu\/en\/wp-json\/wp\/v2\/media\/2896"}],"wp:attachment":[{"href":"https:\/\/coco7.hu\/en\/wp-json\/wp\/v2\/media?parent=2895"}],"wp:term":[{"taxonomy":"product_brand","embeddable":true,"href":"https:\/\/coco7.hu\/en\/wp-json\/wp\/v2\/product_brand?post=2895"},{"taxonomy":"product_cat","embeddable":true,"href":"https:\/\/coco7.hu\/en\/wp-json\/wp\/v2\/product_cat?post=2895"},{"taxonomy":"product_tag","embeddable":true,"href":"https:\/\/coco7.hu\/en\/wp-json\/wp\/v2\/product_tag?post=2895"}],"curies":[{"name":"wp","href":"https:\/\/api.w.org\/{rel}","templated":true}]}}