{"id":2891,"date":"2021-03-17T15:49:26","date_gmt":"2021-03-17T15:49:26","guid":{"rendered":"https:\/\/coco7.hu\/?post_type=product&#038;p=2891"},"modified":"2025-12-06T20:03:35","modified_gmt":"2025-12-06T20:03:35","slug":"nyuszikacsa-1","status":"publish","type":"product","link":"https:\/\/coco7.hu\/en\/product\/nyuszikacsa-1\/","title":{"rendered":"Coc\u00f37 nyuszi-kacsa (150g)RENDEL\u00c9SRE"},"content":{"rendered":"","protected":false},"excerpt":{"rendered":"<p>Nyuszi \u00e9s kacsa egy toj\u00e1sban:) mindez finom tej-, vagy \u00e9tcsokol\u00e1d\u00e9b\u00f3l<\/p>","protected":false},"featured_media":2892,"comment_status":"open","ping_status":"closed","template":"","meta":[],"product_brand":[],"product_cat":[15],"product_tag":[],"class_list":{"0":"post-2891","1":"product","2":"type-product","3":"status-publish","4":"has-post-thumbnail","6":"product_cat-minden-termek","8":"first","9":"outofstock","10":"taxable","11":"shipping-taxable","12":"purchasable","13":"product-type-simple"},"_links":{"self":[{"href":"https:\/\/coco7.hu\/en\/wp-json\/wp\/v2\/product\/2891","targetHints":{"allow":["GET"]}}],"collection":[{"href":"https:\/\/coco7.hu\/en\/wp-json\/wp\/v2\/product"}],"about":[{"href":"https:\/\/coco7.hu\/en\/wp-json\/wp\/v2\/types\/product"}],"replies":[{"embeddable":true,"href":"https:\/\/coco7.hu\/en\/wp-json\/wp\/v2\/comments?post=2891"}],"version-history":[{"count":2,"href":"https:\/\/coco7.hu\/en\/wp-json\/wp\/v2\/product\/2891\/revisions"}],"predecessor-version":[{"id":4514,"href":"https:\/\/coco7.hu\/en\/wp-json\/wp\/v2\/product\/2891\/revisions\/4514"}],"wp:featuredmedia":[{"embeddable":true,"href":"https:\/\/coco7.hu\/en\/wp-json\/wp\/v2\/media\/2892"}],"wp:attachment":[{"href":"https:\/\/coco7.hu\/en\/wp-json\/wp\/v2\/media?parent=2891"}],"wp:term":[{"taxonomy":"product_brand","embeddable":true,"href":"https:\/\/coco7.hu\/en\/wp-json\/wp\/v2\/product_brand?post=2891"},{"taxonomy":"product_cat","embeddable":true,"href":"https:\/\/coco7.hu\/en\/wp-json\/wp\/v2\/product_cat?post=2891"},{"taxonomy":"product_tag","embeddable":true,"href":"https:\/\/coco7.hu\/en\/wp-json\/wp\/v2\/product_tag?post=2891"}],"curies":[{"name":"wp","href":"https:\/\/api.w.org\/{rel}","templated":true}]}}