{"id":2879,"date":"2021-03-17T15:46:00","date_gmt":"2021-03-17T15:46:00","guid":{"rendered":"https:\/\/coco7.hu\/?post_type=product&#038;p=2879"},"modified":"2025-04-04T14:56:12","modified_gmt":"2025-04-04T14:56:12","slug":"coco7_pisztacia-golyo-2","status":"publish","type":"product","link":"https:\/\/coco7.hu\/en\/product\/coco7_pisztacia-golyo-2\/","title":{"rendered":"Piszt\u00e1cia goly\u00f3 (rendel\u00e9sre)"},"content":{"rendered":"","protected":false},"excerpt":{"rendered":"<p>Szic\u00edliai piszt\u00e1cia, tejcsokol\u00e1d\u00e9 mousse, meggyzsel\u00e9 \u00e9s mindez ropog\u00f3s tejcsokol\u00e1d\u00e9ba m\u00e1rtva<\/p>","protected":false},"featured_media":2880,"comment_status":"open","ping_status":"closed","template":"","meta":[],"product_brand":[],"product_cat":[15,56],"product_tag":[],"class_list":{"0":"post-2879","1":"product","2":"type-product","3":"status-publish","4":"has-post-thumbnail","6":"product_cat-minden-termek","7":"product_cat-tortak","9":"first","10":"instock","11":"taxable","12":"shipping-taxable","13":"purchasable","14":"product-type-simple"},"_links":{"self":[{"href":"https:\/\/coco7.hu\/en\/wp-json\/wp\/v2\/product\/2879","targetHints":{"allow":["GET"]}}],"collection":[{"href":"https:\/\/coco7.hu\/en\/wp-json\/wp\/v2\/product"}],"about":[{"href":"https:\/\/coco7.hu\/en\/wp-json\/wp\/v2\/types\/product"}],"replies":[{"embeddable":true,"href":"https:\/\/coco7.hu\/en\/wp-json\/wp\/v2\/comments?post=2879"}],"version-history":[{"count":1,"href":"https:\/\/coco7.hu\/en\/wp-json\/wp\/v2\/product\/2879\/revisions"}],"predecessor-version":[{"id":3011,"href":"https:\/\/coco7.hu\/en\/wp-json\/wp\/v2\/product\/2879\/revisions\/3011"}],"wp:featuredmedia":[{"embeddable":true,"href":"https:\/\/coco7.hu\/en\/wp-json\/wp\/v2\/media\/2880"}],"wp:attachment":[{"href":"https:\/\/coco7.hu\/en\/wp-json\/wp\/v2\/media?parent=2879"}],"wp:term":[{"taxonomy":"product_brand","embeddable":true,"href":"https:\/\/coco7.hu\/en\/wp-json\/wp\/v2\/product_brand?post=2879"},{"taxonomy":"product_cat","embeddable":true,"href":"https:\/\/coco7.hu\/en\/wp-json\/wp\/v2\/product_cat?post=2879"},{"taxonomy":"product_tag","embeddable":true,"href":"https:\/\/coco7.hu\/en\/wp-json\/wp\/v2\/product_tag?post=2879"}],"curies":[{"name":"wp","href":"https:\/\/api.w.org\/{rel}","templated":true}]}}