{"id":2856,"date":"2021-03-17T15:40:08","date_gmt":"2021-03-17T15:40:08","guid":{"rendered":"https:\/\/coco7.hu\/?post_type=product&#038;p=2856"},"modified":"2025-07-22T12:39:52","modified_gmt":"2025-07-22T12:39:52","slug":"santo-domingo-torta-2","status":"publish","type":"product","link":"https:\/\/coco7.hu\/en\/product\/santo-domingo-torta-2\/","title":{"rendered":"Santo Domingo torta (8 szelet)"},"content":{"rendered":"","protected":false},"excerpt":{"rendered":"<p>Tejcsokol\u00e1d\u00e9 \u00e9s \u00e9tcsokol\u00e1d\u00e9 mousse mandula ropog\u00f3ssal \u00e9s gazdag csokol\u00e1d\u00e9s pisk\u00f3t\u00e1val<\/p>","protected":false},"featured_media":3565,"comment_status":"open","ping_status":"closed","template":"","meta":[],"product_brand":[],"product_cat":[15,56],"product_tag":[],"class_list":{"0":"post-2856","1":"product","2":"type-product","3":"status-publish","4":"has-post-thumbnail","6":"product_cat-minden-termek","7":"product_cat-tortak","9":"first","10":"instock","11":"taxable","12":"shipping-taxable","13":"purchasable","14":"product-type-simple"},"_links":{"self":[{"href":"https:\/\/coco7.hu\/en\/wp-json\/wp\/v2\/product\/2856","targetHints":{"allow":["GET"]}}],"collection":[{"href":"https:\/\/coco7.hu\/en\/wp-json\/wp\/v2\/product"}],"about":[{"href":"https:\/\/coco7.hu\/en\/wp-json\/wp\/v2\/types\/product"}],"replies":[{"embeddable":true,"href":"https:\/\/coco7.hu\/en\/wp-json\/wp\/v2\/comments?post=2856"}],"version-history":[{"count":1,"href":"https:\/\/coco7.hu\/en\/wp-json\/wp\/v2\/product\/2856\/revisions"}],"predecessor-version":[{"id":3024,"href":"https:\/\/coco7.hu\/en\/wp-json\/wp\/v2\/product\/2856\/revisions\/3024"}],"wp:featuredmedia":[{"embeddable":true,"href":"https:\/\/coco7.hu\/en\/wp-json\/wp\/v2\/media\/3565"}],"wp:attachment":[{"href":"https:\/\/coco7.hu\/en\/wp-json\/wp\/v2\/media?parent=2856"}],"wp:term":[{"taxonomy":"product_brand","embeddable":true,"href":"https:\/\/coco7.hu\/en\/wp-json\/wp\/v2\/product_brand?post=2856"},{"taxonomy":"product_cat","embeddable":true,"href":"https:\/\/coco7.hu\/en\/wp-json\/wp\/v2\/product_cat?post=2856"},{"taxonomy":"product_tag","embeddable":true,"href":"https:\/\/coco7.hu\/en\/wp-json\/wp\/v2\/product_tag?post=2856"}],"curies":[{"name":"wp","href":"https:\/\/api.w.org\/{rel}","templated":true}]}}