{"id":2844,"date":"2021-03-17T15:36:48","date_gmt":"2021-03-17T15:36:48","guid":{"rendered":"https:\/\/coco7.hu\/?post_type=product&#038;p=2844"},"modified":"2026-02-27T16:06:45","modified_gmt":"2026-02-27T16:06:45","slug":"yuzu-fehercsoki-torta","status":"publish","type":"product","link":"https:\/\/coco7.hu\/en\/product\/yuzu-fehercsoki-torta\/","title":{"rendered":"Yuzu-feh\u00e9rcsokol\u00e1d\u00e9 torta (10 szelet &#8211; rendel\u00e9sre)"},"content":{"rendered":"<p>A yuzu a gy\u00fcm\u00f6lcs\u00f6k kir\u00e1lyn\u0151je &#8211; ebb\u0151l a citrusb\u00f3l k\u00e9sz\u00edt\u00fcnk mousset feh\u00e9rcsokol\u00e1d\u00e9 mousse-szal, citrusos ropog\u00f3ssal \u00e9s mandul\u00e1s joconde pisk\u00f3t\u00e1val<\/p>","protected":false},"excerpt":{"rendered":"<p>A yuzu a gy\u00fcm\u00f6lcs\u00f6k kir\u00e1lyn\u0151je &#8211; egy igazi kincs Jap\u00e1nb\u00f3l. Enyh\u00e9n fanyar \u00edz\u00e9t feh\u00e9rcsokol\u00e1d\u00e9val p\u00e1ros\u00edtottuk \u00e9s mandul\u00e1s dacquoise pisk\u00f3t\u00e1val<\/p>","protected":false},"featured_media":2845,"comment_status":"open","ping_status":"closed","template":"","meta":[],"product_brand":[],"product_cat":[15,56],"product_tag":[],"class_list":{"0":"post-2844","1":"product","2":"type-product","3":"status-publish","4":"has-post-thumbnail","6":"product_cat-minden-termek","7":"product_cat-tortak","9":"first","10":"instock","11":"taxable","12":"shipping-taxable","13":"purchasable","14":"product-type-simple"},"_links":{"self":[{"href":"https:\/\/coco7.hu\/en\/wp-json\/wp\/v2\/product\/2844","targetHints":{"allow":["GET"]}}],"collection":[{"href":"https:\/\/coco7.hu\/en\/wp-json\/wp\/v2\/product"}],"about":[{"href":"https:\/\/coco7.hu\/en\/wp-json\/wp\/v2\/types\/product"}],"replies":[{"embeddable":true,"href":"https:\/\/coco7.hu\/en\/wp-json\/wp\/v2\/comments?post=2844"}],"version-history":[{"count":2,"href":"https:\/\/coco7.hu\/en\/wp-json\/wp\/v2\/product\/2844\/revisions"}],"predecessor-version":[{"id":4663,"href":"https:\/\/coco7.hu\/en\/wp-json\/wp\/v2\/product\/2844\/revisions\/4663"}],"wp:featuredmedia":[{"embeddable":true,"href":"https:\/\/coco7.hu\/en\/wp-json\/wp\/v2\/media\/2845"}],"wp:attachment":[{"href":"https:\/\/coco7.hu\/en\/wp-json\/wp\/v2\/media?parent=2844"}],"wp:term":[{"taxonomy":"product_brand","embeddable":true,"href":"https:\/\/coco7.hu\/en\/wp-json\/wp\/v2\/product_brand?post=2844"},{"taxonomy":"product_cat","embeddable":true,"href":"https:\/\/coco7.hu\/en\/wp-json\/wp\/v2\/product_cat?post=2844"},{"taxonomy":"product_tag","embeddable":true,"href":"https:\/\/coco7.hu\/en\/wp-json\/wp\/v2\/product_tag?post=2844"}],"curies":[{"name":"wp","href":"https:\/\/api.w.org\/{rel}","templated":true}]}}