{"id":2840,"date":"2021-03-14T17:46:53","date_gmt":"2021-03-14T17:46:53","guid":{"rendered":"https:\/\/coco7.hu\/?post_type=product&#038;p=2840"},"modified":"2024-11-09T22:48:29","modified_gmt":"2024-11-09T22:48:29","slug":"coco7-bonbonvalogata","status":"publish","type":"product","link":"https:\/\/coco7.hu\/en\/product\/coco7-bonbonvalogata\/","title":{"rendered":"Coc\u00f37 f\u00e9rfias bonbonv\u00e1logat\u00e1s"},"content":{"rendered":"","protected":false},"excerpt":{"rendered":"<p>F\u00e9rfias \u00edz\u0171 bonbonok sz\u00e9p d\u00edszdobozban<\/p>","protected":false},"featured_media":2816,"comment_status":"open","ping_status":"closed","template":"","meta":[],"product_brand":[],"product_cat":[15,80,82,59],"product_tag":[],"class_list":{"0":"post-2840","1":"product","2":"type-product","3":"status-publish","4":"has-post-thumbnail","6":"product_cat-minden-termek","7":"product_cat-ajandek-csomag","8":"product_cat-ceges","9":"product_cat-szezonalis-ajanlatok","11":"first","12":"instock","13":"taxable","14":"shipping-taxable","15":"purchasable","16":"product-type-simple"},"_links":{"self":[{"href":"https:\/\/coco7.hu\/en\/wp-json\/wp\/v2\/product\/2840","targetHints":{"allow":["GET"]}}],"collection":[{"href":"https:\/\/coco7.hu\/en\/wp-json\/wp\/v2\/product"}],"about":[{"href":"https:\/\/coco7.hu\/en\/wp-json\/wp\/v2\/types\/product"}],"replies":[{"embeddable":true,"href":"https:\/\/coco7.hu\/en\/wp-json\/wp\/v2\/comments?post=2840"}],"version-history":[{"count":0,"href":"https:\/\/coco7.hu\/en\/wp-json\/wp\/v2\/product\/2840\/revisions"}],"wp:featuredmedia":[{"embeddable":true,"href":"https:\/\/coco7.hu\/en\/wp-json\/wp\/v2\/media\/2816"}],"wp:attachment":[{"href":"https:\/\/coco7.hu\/en\/wp-json\/wp\/v2\/media?parent=2840"}],"wp:term":[{"taxonomy":"product_brand","embeddable":true,"href":"https:\/\/coco7.hu\/en\/wp-json\/wp\/v2\/product_brand?post=2840"},{"taxonomy":"product_cat","embeddable":true,"href":"https:\/\/coco7.hu\/en\/wp-json\/wp\/v2\/product_cat?post=2840"},{"taxonomy":"product_tag","embeddable":true,"href":"https:\/\/coco7.hu\/en\/wp-json\/wp\/v2\/product_tag?post=2840"}],"curies":[{"name":"wp","href":"https:\/\/api.w.org\/{rel}","templated":true}]}}