{"id":2836,"date":"2021-03-14T17:41:39","date_gmt":"2021-03-14T17:41:39","guid":{"rendered":"https:\/\/coco7.hu\/?post_type=product&#038;p=2836"},"modified":"2024-02-11T10:47:03","modified_gmt":"2024-02-11T10:47:03","slug":"coco7-cukormentes-bonbonvalogatas","status":"publish","type":"product","link":"https:\/\/coco7.hu\/en\/product\/coco7-cukormentes-bonbonvalogatas\/","title":{"rendered":"Coc\u00f37 cukormentes bonbonv\u00e1logat\u00e1s"},"content":{"rendered":"","protected":false},"excerpt":{"rendered":"<p>Cukormentes t\u00f6lt\u00f6tt bonbonok (mogyor\u00f3s, mandul\u00e1s-fah\u00e9jas, thai te\u00e1s, yuzus, k\u00e1v\u00e9s)<\/p>","protected":false},"featured_media":2810,"comment_status":"open","ping_status":"closed","template":"","meta":[],"product_brand":[],"product_cat":[15],"product_tag":[],"class_list":{"0":"post-2836","1":"product","2":"type-product","3":"status-publish","4":"has-post-thumbnail","6":"product_cat-minden-termek","8":"first","9":"outofstock","10":"taxable","11":"shipping-taxable","12":"purchasable","13":"product-type-simple"},"_links":{"self":[{"href":"https:\/\/coco7.hu\/en\/wp-json\/wp\/v2\/product\/2836","targetHints":{"allow":["GET"]}}],"collection":[{"href":"https:\/\/coco7.hu\/en\/wp-json\/wp\/v2\/product"}],"about":[{"href":"https:\/\/coco7.hu\/en\/wp-json\/wp\/v2\/types\/product"}],"replies":[{"embeddable":true,"href":"https:\/\/coco7.hu\/en\/wp-json\/wp\/v2\/comments?post=2836"}],"version-history":[{"count":0,"href":"https:\/\/coco7.hu\/en\/wp-json\/wp\/v2\/product\/2836\/revisions"}],"wp:featuredmedia":[{"embeddable":true,"href":"https:\/\/coco7.hu\/en\/wp-json\/wp\/v2\/media\/2810"}],"wp:attachment":[{"href":"https:\/\/coco7.hu\/en\/wp-json\/wp\/v2\/media?parent=2836"}],"wp:term":[{"taxonomy":"product_brand","embeddable":true,"href":"https:\/\/coco7.hu\/en\/wp-json\/wp\/v2\/product_brand?post=2836"},{"taxonomy":"product_cat","embeddable":true,"href":"https:\/\/coco7.hu\/en\/wp-json\/wp\/v2\/product_cat?post=2836"},{"taxonomy":"product_tag","embeddable":true,"href":"https:\/\/coco7.hu\/en\/wp-json\/wp\/v2\/product_tag?post=2836"}],"curies":[{"name":"wp","href":"https:\/\/api.w.org\/{rel}","templated":true}]}}