{"id":2833,"date":"2021-03-14T17:33:40","date_gmt":"2021-03-14T17:33:40","guid":{"rendered":"https:\/\/coco7.hu\/?post_type=product&#038;p=2833"},"modified":"2024-11-09T21:32:05","modified_gmt":"2024-11-09T21:32:05","slug":"coco7-bonbonvalogatas-holgyeknek","status":"publish","type":"product","link":"https:\/\/coco7.hu\/en\/product\/coco7-bonbonvalogatas-holgyeknek\/","title":{"rendered":"Coc\u00f37 bonbonv\u00e1logat\u00e1s h\u00f6lgyeknek"},"content":{"rendered":"","protected":false},"excerpt":{"rendered":"<p>Kifejezetten h\u00f6lgyeknek \u00f6ssze\u00e1ll\u00edtott 9 darabos bonbonv\u00e1logat\u00e1s<\/p>","protected":false},"featured_media":2807,"comment_status":"open","ping_status":"closed","template":"","meta":[],"product_brand":[],"product_cat":[15],"product_tag":[],"class_list":{"0":"post-2833","1":"product","2":"type-product","3":"status-publish","4":"has-post-thumbnail","6":"product_cat-minden-termek","8":"first","9":"instock","10":"taxable","11":"shipping-taxable","12":"purchasable","13":"product-type-simple"},"_links":{"self":[{"href":"https:\/\/coco7.hu\/en\/wp-json\/wp\/v2\/product\/2833","targetHints":{"allow":["GET"]}}],"collection":[{"href":"https:\/\/coco7.hu\/en\/wp-json\/wp\/v2\/product"}],"about":[{"href":"https:\/\/coco7.hu\/en\/wp-json\/wp\/v2\/types\/product"}],"replies":[{"embeddable":true,"href":"https:\/\/coco7.hu\/en\/wp-json\/wp\/v2\/comments?post=2833"}],"version-history":[{"count":0,"href":"https:\/\/coco7.hu\/en\/wp-json\/wp\/v2\/product\/2833\/revisions"}],"wp:featuredmedia":[{"embeddable":true,"href":"https:\/\/coco7.hu\/en\/wp-json\/wp\/v2\/media\/2807"}],"wp:attachment":[{"href":"https:\/\/coco7.hu\/en\/wp-json\/wp\/v2\/media?parent=2833"}],"wp:term":[{"taxonomy":"product_brand","embeddable":true,"href":"https:\/\/coco7.hu\/en\/wp-json\/wp\/v2\/product_brand?post=2833"},{"taxonomy":"product_cat","embeddable":true,"href":"https:\/\/coco7.hu\/en\/wp-json\/wp\/v2\/product_cat?post=2833"},{"taxonomy":"product_tag","embeddable":true,"href":"https:\/\/coco7.hu\/en\/wp-json\/wp\/v2\/product_tag?post=2833"}],"curies":[{"name":"wp","href":"https:\/\/api.w.org\/{rel}","templated":true}]}}