{"id":2832,"date":"2021-03-14T17:31:10","date_gmt":"2021-03-14T17:31:10","guid":{"rendered":"https:\/\/coco7.hu\/?post_type=product&#038;p=2832"},"modified":"2025-02-09T09:25:42","modified_gmt":"2025-02-09T09:25:42","slug":"2832","status":"publish","type":"product","link":"https:\/\/coco7.hu\/en\/product\/2832\/","title":{"rendered":"Coc\u00f37 alkoholos bonbonv\u00e1logat\u00e1s"},"content":{"rendered":"","protected":false},"excerpt":{"rendered":"<p>Alkoholos bonbonv\u00e1logat\u00e1s foly\u00e9kony p\u00e1link\u00e1val, Hennessy konyakban \u00e9rlelt konyakmeggyel, Bailey&#8217;s tr\u00fcffellel, rumos bonbonnal, \u00e9s a d\u00edjnyertes szilv\u00e1s p\u00e1link\u00e1s bonbonunkkal<\/p>","protected":false},"featured_media":2808,"comment_status":"open","ping_status":"closed","template":"","meta":[],"product_brand":[],"product_cat":[15],"product_tag":[],"class_list":{"0":"post-2832","1":"product","2":"type-product","3":"status-publish","4":"has-post-thumbnail","6":"product_cat-minden-termek","8":"first","9":"instock","10":"taxable","11":"shipping-taxable","12":"purchasable","13":"product-type-simple"},"_links":{"self":[{"href":"https:\/\/coco7.hu\/en\/wp-json\/wp\/v2\/product\/2832","targetHints":{"allow":["GET"]}}],"collection":[{"href":"https:\/\/coco7.hu\/en\/wp-json\/wp\/v2\/product"}],"about":[{"href":"https:\/\/coco7.hu\/en\/wp-json\/wp\/v2\/types\/product"}],"replies":[{"embeddable":true,"href":"https:\/\/coco7.hu\/en\/wp-json\/wp\/v2\/comments?post=2832"}],"version-history":[{"count":0,"href":"https:\/\/coco7.hu\/en\/wp-json\/wp\/v2\/product\/2832\/revisions"}],"wp:featuredmedia":[{"embeddable":true,"href":"https:\/\/coco7.hu\/en\/wp-json\/wp\/v2\/media\/2808"}],"wp:attachment":[{"href":"https:\/\/coco7.hu\/en\/wp-json\/wp\/v2\/media?parent=2832"}],"wp:term":[{"taxonomy":"product_brand","embeddable":true,"href":"https:\/\/coco7.hu\/en\/wp-json\/wp\/v2\/product_brand?post=2832"},{"taxonomy":"product_cat","embeddable":true,"href":"https:\/\/coco7.hu\/en\/wp-json\/wp\/v2\/product_cat?post=2832"},{"taxonomy":"product_tag","embeddable":true,"href":"https:\/\/coco7.hu\/en\/wp-json\/wp\/v2\/product_tag?post=2832"}],"curies":[{"name":"wp","href":"https:\/\/api.w.org\/{rel}","templated":true}]}}