{"id":2784,"date":"2021-03-10T12:22:01","date_gmt":"2021-03-10T12:22:01","guid":{"rendered":"https:\/\/coco7.hu\/?post_type=product&#038;p=2784"},"modified":"2025-07-22T12:40:40","modified_gmt":"2025-07-22T12:40:40","slug":"alma-faher-pekantorta","status":"publish","type":"product","link":"https:\/\/coco7.hu\/en\/product\/alma-faher-pekantorta\/","title":{"rendered":"Alma-pek\u00e1ndi\u00f3-karamell torta (10 szeletes &#8211; rendel\u00e9sre)"},"content":{"rendered":"","protected":false},"excerpt":{"rendered":"<p>Pek\u00e1ndi\u00f3s-mandul\u00e1s pisk\u00f3ta, ropog\u00f3s pek\u00e1n karamell r\u00e9teg,fah\u00e9jas almakomp\u00f3t almadarabokkal \u00e9s pek\u00e1ndi\u00f3val, karamell\u00e1s tejcsokol\u00e1d\u00e9s namelaka \u00e9s karamell mousse<\/p>","protected":false},"featured_media":2785,"comment_status":"open","ping_status":"closed","template":"","meta":[],"product_brand":[],"product_cat":[15,56],"product_tag":[],"class_list":{"0":"post-2784","1":"product","2":"type-product","3":"status-publish","4":"has-post-thumbnail","6":"product_cat-minden-termek","7":"product_cat-tortak","9":"first","10":"instock","11":"taxable","12":"shipping-taxable","13":"purchasable","14":"product-type-simple"},"_links":{"self":[{"href":"https:\/\/coco7.hu\/en\/wp-json\/wp\/v2\/product\/2784","targetHints":{"allow":["GET"]}}],"collection":[{"href":"https:\/\/coco7.hu\/en\/wp-json\/wp\/v2\/product"}],"about":[{"href":"https:\/\/coco7.hu\/en\/wp-json\/wp\/v2\/types\/product"}],"replies":[{"embeddable":true,"href":"https:\/\/coco7.hu\/en\/wp-json\/wp\/v2\/comments?post=2784"}],"version-history":[{"count":1,"href":"https:\/\/coco7.hu\/en\/wp-json\/wp\/v2\/product\/2784\/revisions"}],"predecessor-version":[{"id":2786,"href":"https:\/\/coco7.hu\/en\/wp-json\/wp\/v2\/product\/2784\/revisions\/2786"}],"wp:featuredmedia":[{"embeddable":true,"href":"https:\/\/coco7.hu\/en\/wp-json\/wp\/v2\/media\/2785"}],"wp:attachment":[{"href":"https:\/\/coco7.hu\/en\/wp-json\/wp\/v2\/media?parent=2784"}],"wp:term":[{"taxonomy":"product_brand","embeddable":true,"href":"https:\/\/coco7.hu\/en\/wp-json\/wp\/v2\/product_brand?post=2784"},{"taxonomy":"product_cat","embeddable":true,"href":"https:\/\/coco7.hu\/en\/wp-json\/wp\/v2\/product_cat?post=2784"},{"taxonomy":"product_tag","embeddable":true,"href":"https:\/\/coco7.hu\/en\/wp-json\/wp\/v2\/product_tag?post=2784"}],"curies":[{"name":"wp","href":"https:\/\/api.w.org\/{rel}","templated":true}]}}