{"id":2773,"date":"2021-03-10T12:19:38","date_gmt":"2021-03-10T12:19:38","guid":{"rendered":"https:\/\/coco7.hu\/?post_type=product&#038;p=2773"},"modified":"2025-12-11T10:32:44","modified_gmt":"2025-12-11T10:32:44","slug":"coco7-diszbonbon-16","status":"publish","type":"product","link":"https:\/\/coco7.hu\/en\/product\/coco7-diszbonbon-16\/","title":{"rendered":"Bonbonv\u00e1logat\u00e1s francia d\u00edszdobozban 250g"},"content":{"rendered":"","protected":false},"excerpt":{"rendered":"<p>16 darabos bonbonv\u00e1logat\u00e1s a Coc\u00f3 7 bonbonok legjav\u00e1b\u00f3l<\/p>","protected":false},"featured_media":3344,"comment_status":"open","ping_status":"closed","template":"","meta":[],"product_brand":[],"product_cat":[15,80,82,59],"product_tag":[],"class_list":{"0":"post-2773","1":"product","2":"type-product","3":"status-publish","4":"has-post-thumbnail","6":"product_cat-minden-termek","7":"product_cat-ajandek-csomag","8":"product_cat-ceges","9":"product_cat-szezonalis-ajanlatok","11":"first","12":"instock","13":"taxable","14":"shipping-taxable","15":"purchasable","16":"product-type-simple"},"_links":{"self":[{"href":"https:\/\/coco7.hu\/en\/wp-json\/wp\/v2\/product\/2773","targetHints":{"allow":["GET"]}}],"collection":[{"href":"https:\/\/coco7.hu\/en\/wp-json\/wp\/v2\/product"}],"about":[{"href":"https:\/\/coco7.hu\/en\/wp-json\/wp\/v2\/types\/product"}],"replies":[{"embeddable":true,"href":"https:\/\/coco7.hu\/en\/wp-json\/wp\/v2\/comments?post=2773"}],"version-history":[{"count":2,"href":"https:\/\/coco7.hu\/en\/wp-json\/wp\/v2\/product\/2773\/revisions"}],"predecessor-version":[{"id":4572,"href":"https:\/\/coco7.hu\/en\/wp-json\/wp\/v2\/product\/2773\/revisions\/4572"}],"wp:featuredmedia":[{"embeddable":true,"href":"https:\/\/coco7.hu\/en\/wp-json\/wp\/v2\/media\/3344"}],"wp:attachment":[{"href":"https:\/\/coco7.hu\/en\/wp-json\/wp\/v2\/media?parent=2773"}],"wp:term":[{"taxonomy":"product_brand","embeddable":true,"href":"https:\/\/coco7.hu\/en\/wp-json\/wp\/v2\/product_brand?post=2773"},{"taxonomy":"product_cat","embeddable":true,"href":"https:\/\/coco7.hu\/en\/wp-json\/wp\/v2\/product_cat?post=2773"},{"taxonomy":"product_tag","embeddable":true,"href":"https:\/\/coco7.hu\/en\/wp-json\/wp\/v2\/product_tag?post=2773"}],"curies":[{"name":"wp","href":"https:\/\/api.w.org\/{rel}","templated":true}]}}