{"id":2754,"date":"2021-03-10T12:14:49","date_gmt":"2021-03-10T12:14:49","guid":{"rendered":"https:\/\/coco7.hu\/?post_type=product&#038;p=2754"},"modified":"2025-07-22T12:41:57","modified_gmt":"2025-07-22T12:41:57","slug":"cassis-torta","status":"publish","type":"product","link":"https:\/\/coco7.hu\/en\/product\/cassis-torta\/","title":{"rendered":"Cassis torta 8 szeletes"},"content":{"rendered":"","protected":false},"excerpt":{"rendered":"<p>A savanyk\u00e1s feketeribizli \u00e9s az \u00e9tcsokol\u00e1d\u00e9 tal\u00e1lkoz\u00e1sa habk\u00f6nny\u0171 mousse form\u00e1j\u00e1ban, ropog\u00f3s mandula r\u00e9teggel \u00e9s gazdag csokol\u00e1d\u00e9s pisk\u00f3t\u00e1val. Semmilyen mesters\u00e9ges sz\u00ednez\u00e9ket nem tartalmaz!<\/p>","protected":false},"featured_media":2755,"comment_status":"open","ping_status":"closed","template":"","meta":[],"product_brand":[],"product_cat":[15,56],"product_tag":[],"class_list":{"0":"post-2754","1":"product","2":"type-product","3":"status-publish","4":"has-post-thumbnail","6":"product_cat-minden-termek","7":"product_cat-tortak","9":"first","10":"instock","11":"taxable","12":"shipping-taxable","13":"purchasable","14":"product-type-simple"},"_links":{"self":[{"href":"https:\/\/coco7.hu\/en\/wp-json\/wp\/v2\/product\/2754","targetHints":{"allow":["GET"]}}],"collection":[{"href":"https:\/\/coco7.hu\/en\/wp-json\/wp\/v2\/product"}],"about":[{"href":"https:\/\/coco7.hu\/en\/wp-json\/wp\/v2\/types\/product"}],"replies":[{"embeddable":true,"href":"https:\/\/coco7.hu\/en\/wp-json\/wp\/v2\/comments?post=2754"}],"version-history":[{"count":1,"href":"https:\/\/coco7.hu\/en\/wp-json\/wp\/v2\/product\/2754\/revisions"}],"predecessor-version":[{"id":2799,"href":"https:\/\/coco7.hu\/en\/wp-json\/wp\/v2\/product\/2754\/revisions\/2799"}],"wp:featuredmedia":[{"embeddable":true,"href":"https:\/\/coco7.hu\/en\/wp-json\/wp\/v2\/media\/2755"}],"wp:attachment":[{"href":"https:\/\/coco7.hu\/en\/wp-json\/wp\/v2\/media?parent=2754"}],"wp:term":[{"taxonomy":"product_brand","embeddable":true,"href":"https:\/\/coco7.hu\/en\/wp-json\/wp\/v2\/product_brand?post=2754"},{"taxonomy":"product_cat","embeddable":true,"href":"https:\/\/coco7.hu\/en\/wp-json\/wp\/v2\/product_cat?post=2754"},{"taxonomy":"product_tag","embeddable":true,"href":"https:\/\/coco7.hu\/en\/wp-json\/wp\/v2\/product_tag?post=2754"}],"curies":[{"name":"wp","href":"https:\/\/api.w.org\/{rel}","templated":true}]}}