{"id":2748,"date":"2021-03-10T12:12:04","date_gmt":"2021-03-10T12:12:04","guid":{"rendered":"https:\/\/coco7.hu\/?post_type=product&#038;p=2748"},"modified":"2025-07-22T12:42:16","modified_gmt":"2025-07-22T12:42:16","slug":"coco7-3-2-torta","status":"publish","type":"product","link":"https:\/\/coco7.hu\/en\/product\/coco7-3-2-torta\/","title":{"rendered":"Calamansi-\u00e9tcsokol\u00e1d\u00e9 torta teazsel\u00e9vel (10 szeletes- rendel\u00e9sre)"},"content":{"rendered":"","protected":false},"excerpt":{"rendered":"<p>\u00c1zsiai calamansi p\u00fcr\u00e9b\u0151l k\u00e9sz\u00fclt mousse, \u00e9tcsokol\u00e1d\u00e9 mousse \u00e9s f\u0171szeres teazsel\u00e9 \u00f6tv\u00f6zete<\/p>","protected":false},"featured_media":2749,"comment_status":"open","ping_status":"closed","template":"","meta":[],"product_brand":[],"product_cat":[15,56],"product_tag":[],"class_list":{"0":"post-2748","1":"product","2":"type-product","3":"status-publish","4":"has-post-thumbnail","6":"product_cat-minden-termek","7":"product_cat-tortak","9":"first","10":"instock","11":"taxable","12":"shipping-taxable","13":"purchasable","14":"product-type-simple"},"_links":{"self":[{"href":"https:\/\/coco7.hu\/en\/wp-json\/wp\/v2\/product\/2748","targetHints":{"allow":["GET"]}}],"collection":[{"href":"https:\/\/coco7.hu\/en\/wp-json\/wp\/v2\/product"}],"about":[{"href":"https:\/\/coco7.hu\/en\/wp-json\/wp\/v2\/types\/product"}],"replies":[{"embeddable":true,"href":"https:\/\/coco7.hu\/en\/wp-json\/wp\/v2\/comments?post=2748"}],"version-history":[{"count":1,"href":"https:\/\/coco7.hu\/en\/wp-json\/wp\/v2\/product\/2748\/revisions"}],"predecessor-version":[{"id":2801,"href":"https:\/\/coco7.hu\/en\/wp-json\/wp\/v2\/product\/2748\/revisions\/2801"}],"wp:featuredmedia":[{"embeddable":true,"href":"https:\/\/coco7.hu\/en\/wp-json\/wp\/v2\/media\/2749"}],"wp:attachment":[{"href":"https:\/\/coco7.hu\/en\/wp-json\/wp\/v2\/media?parent=2748"}],"wp:term":[{"taxonomy":"product_brand","embeddable":true,"href":"https:\/\/coco7.hu\/en\/wp-json\/wp\/v2\/product_brand?post=2748"},{"taxonomy":"product_cat","embeddable":true,"href":"https:\/\/coco7.hu\/en\/wp-json\/wp\/v2\/product_cat?post=2748"},{"taxonomy":"product_tag","embeddable":true,"href":"https:\/\/coco7.hu\/en\/wp-json\/wp\/v2\/product_tag?post=2748"}],"curies":[{"name":"wp","href":"https:\/\/api.w.org\/{rel}","templated":true}]}}