{"id":2744,"date":"2021-03-10T12:10:54","date_gmt":"2021-03-10T12:10:54","guid":{"rendered":"https:\/\/coco7.hu\/?post_type=product&#038;p=2744"},"modified":"2025-07-22T12:42:40","modified_gmt":"2025-07-22T12:42:40","slug":"fustos-csokitorta","status":"publish","type":"product","link":"https:\/\/coco7.hu\/en\/product\/fustos-csokitorta\/","title":{"rendered":"F\u00fcst\u00f6s csokol\u00e1d\u00e9 mousse torta whiskey zsel\u00e9vel (10 szeletes- rendel\u00e9sre)"},"content":{"rendered":"","protected":false},"excerpt":{"rendered":"<p>Igazi f\u00e9rfias \u00e9lvezet! P\u00e1pua \u00daj-Guineai \u00e9tcsokol\u00e1d\u00e9b\u00f3l k\u00e9sz\u00fclt mousse Bourbon whiskey zsel\u00e9vel<\/p>","protected":false},"featured_media":2745,"comment_status":"open","ping_status":"closed","template":"","meta":[],"product_brand":[],"product_cat":[15,56],"product_tag":[],"class_list":{"0":"post-2744","1":"product","2":"type-product","3":"status-publish","4":"has-post-thumbnail","6":"product_cat-minden-termek","7":"product_cat-tortak","9":"first","10":"instock","11":"taxable","12":"shipping-taxable","13":"purchasable","14":"product-type-simple"},"_links":{"self":[{"href":"https:\/\/coco7.hu\/en\/wp-json\/wp\/v2\/product\/2744","targetHints":{"allow":["GET"]}}],"collection":[{"href":"https:\/\/coco7.hu\/en\/wp-json\/wp\/v2\/product"}],"about":[{"href":"https:\/\/coco7.hu\/en\/wp-json\/wp\/v2\/types\/product"}],"replies":[{"embeddable":true,"href":"https:\/\/coco7.hu\/en\/wp-json\/wp\/v2\/comments?post=2744"}],"version-history":[{"count":1,"href":"https:\/\/coco7.hu\/en\/wp-json\/wp\/v2\/product\/2744\/revisions"}],"predecessor-version":[{"id":2802,"href":"https:\/\/coco7.hu\/en\/wp-json\/wp\/v2\/product\/2744\/revisions\/2802"}],"wp:featuredmedia":[{"embeddable":true,"href":"https:\/\/coco7.hu\/en\/wp-json\/wp\/v2\/media\/2745"}],"wp:attachment":[{"href":"https:\/\/coco7.hu\/en\/wp-json\/wp\/v2\/media?parent=2744"}],"wp:term":[{"taxonomy":"product_brand","embeddable":true,"href":"https:\/\/coco7.hu\/en\/wp-json\/wp\/v2\/product_brand?post=2744"},{"taxonomy":"product_cat","embeddable":true,"href":"https:\/\/coco7.hu\/en\/wp-json\/wp\/v2\/product_cat?post=2744"},{"taxonomy":"product_tag","embeddable":true,"href":"https:\/\/coco7.hu\/en\/wp-json\/wp\/v2\/product_tag?post=2744"}],"curies":[{"name":"wp","href":"https:\/\/api.w.org\/{rel}","templated":true}]}}