{"id":2712,"date":"2021-03-10T12:02:38","date_gmt":"2021-03-10T12:02:38","guid":{"rendered":"https:\/\/coco7.hu\/?post_type=product&#038;p=2712"},"modified":"2024-11-10T00:02:38","modified_gmt":"2024-11-10T00:02:38","slug":"mono-5","status":"publish","type":"product","link":"https:\/\/coco7.hu\/en\/product\/mono-5\/","title":{"rendered":"Mono 5"},"content":{"rendered":"","protected":false},"excerpt":{"rendered":"<p>5 darabos monodesszert v\u00e1logat\u00e1s (2 goly\u00f3 \u00e9s 3 mono)<\/p>","protected":false},"featured_media":2713,"comment_status":"open","ping_status":"closed","template":"","meta":[],"product_brand":[],"product_cat":[15,57,56],"product_tag":[],"class_list":{"0":"post-2712","1":"product","2":"type-product","3":"status-publish","4":"has-post-thumbnail","6":"product_cat-minden-termek","7":"product_cat-desszertek","8":"product_cat-tortak","10":"first","11":"instock","12":"taxable","13":"shipping-taxable","14":"purchasable","15":"product-type-simple"},"_links":{"self":[{"href":"https:\/\/coco7.hu\/en\/wp-json\/wp\/v2\/product\/2712","targetHints":{"allow":["GET"]}}],"collection":[{"href":"https:\/\/coco7.hu\/en\/wp-json\/wp\/v2\/product"}],"about":[{"href":"https:\/\/coco7.hu\/en\/wp-json\/wp\/v2\/types\/product"}],"replies":[{"embeddable":true,"href":"https:\/\/coco7.hu\/en\/wp-json\/wp\/v2\/comments?post=2712"}],"version-history":[{"count":0,"href":"https:\/\/coco7.hu\/en\/wp-json\/wp\/v2\/product\/2712\/revisions"}],"wp:featuredmedia":[{"embeddable":true,"href":"https:\/\/coco7.hu\/en\/wp-json\/wp\/v2\/media\/2713"}],"wp:attachment":[{"href":"https:\/\/coco7.hu\/en\/wp-json\/wp\/v2\/media?parent=2712"}],"wp:term":[{"taxonomy":"product_brand","embeddable":true,"href":"https:\/\/coco7.hu\/en\/wp-json\/wp\/v2\/product_brand?post=2712"},{"taxonomy":"product_cat","embeddable":true,"href":"https:\/\/coco7.hu\/en\/wp-json\/wp\/v2\/product_cat?post=2712"},{"taxonomy":"product_tag","embeddable":true,"href":"https:\/\/coco7.hu\/en\/wp-json\/wp\/v2\/product_tag?post=2712"}],"curies":[{"name":"wp","href":"https:\/\/api.w.org\/{rel}","templated":true}]}}