{"id":2706,"date":"2021-03-10T11:59:33","date_gmt":"2021-03-10T11:59:33","guid":{"rendered":"https:\/\/coco7.hu\/?post_type=product&#038;p=2706"},"modified":"2025-01-07T14:05:30","modified_gmt":"2025-01-07T14:05:30","slug":"mono-mentes","status":"publish","type":"product","link":"https:\/\/coco7.hu\/en\/product\/mono-mentes\/","title":{"rendered":"Mentes monodesszert v\u00e1logat\u00e1s (rendel\u00e9sre)"},"content":{"rendered":"","protected":false},"excerpt":{"rendered":"<p>4 darabos mentes monodesszert v\u00e1logat\u00e1s<\/p>","protected":false},"featured_media":2707,"comment_status":"open","ping_status":"closed","template":"","meta":[],"product_brand":[],"product_cat":[15,57,56],"product_tag":[],"class_list":{"0":"post-2706","1":"product","2":"type-product","3":"status-publish","4":"has-post-thumbnail","6":"product_cat-minden-termek","7":"product_cat-desszertek","8":"product_cat-tortak","10":"first","11":"instock","12":"taxable","13":"shipping-taxable","14":"purchasable","15":"product-type-simple"},"_links":{"self":[{"href":"https:\/\/coco7.hu\/en\/wp-json\/wp\/v2\/product\/2706","targetHints":{"allow":["GET"]}}],"collection":[{"href":"https:\/\/coco7.hu\/en\/wp-json\/wp\/v2\/product"}],"about":[{"href":"https:\/\/coco7.hu\/en\/wp-json\/wp\/v2\/types\/product"}],"replies":[{"embeddable":true,"href":"https:\/\/coco7.hu\/en\/wp-json\/wp\/v2\/comments?post=2706"}],"version-history":[{"count":1,"href":"https:\/\/coco7.hu\/en\/wp-json\/wp\/v2\/product\/2706\/revisions"}],"predecessor-version":[{"id":3050,"href":"https:\/\/coco7.hu\/en\/wp-json\/wp\/v2\/product\/2706\/revisions\/3050"}],"wp:featuredmedia":[{"embeddable":true,"href":"https:\/\/coco7.hu\/en\/wp-json\/wp\/v2\/media\/2707"}],"wp:attachment":[{"href":"https:\/\/coco7.hu\/en\/wp-json\/wp\/v2\/media?parent=2706"}],"wp:term":[{"taxonomy":"product_brand","embeddable":true,"href":"https:\/\/coco7.hu\/en\/wp-json\/wp\/v2\/product_brand?post=2706"},{"taxonomy":"product_cat","embeddable":true,"href":"https:\/\/coco7.hu\/en\/wp-json\/wp\/v2\/product_cat?post=2706"},{"taxonomy":"product_tag","embeddable":true,"href":"https:\/\/coco7.hu\/en\/wp-json\/wp\/v2\/product_tag?post=2706"}],"curies":[{"name":"wp","href":"https:\/\/api.w.org\/{rel}","templated":true}]}}