{"id":2702,"date":"2021-03-09T21:14:10","date_gmt":"2021-03-09T21:14:10","guid":{"rendered":"https:\/\/coco7.hu\/?post_type=product&#038;p=2702"},"modified":"2024-11-10T00:05:40","modified_gmt":"2024-11-10T00:05:40","slug":"malna-bubi","status":"publish","type":"product","link":"https:\/\/coco7.hu\/en\/product\/malna-bubi\/","title":{"rendered":"M\u00e1lna monodesszert"},"content":{"rendered":"","protected":false},"excerpt":{"rendered":"<p>Egyszem\u00e9lyes desszert gazdag brownie pisk\u00f3t\u00e1n, ropog\u00f3s mandular\u00e9teggel, \u00e9tcsokol\u00e1d\u00e9 \u00e9s calamansi-m\u00e1lna mousse r\u00e9teggel, a tetej\u00e9n m\u00e1lna glaz\u00farral<\/p>\n<p>&nbsp;<\/p>","protected":false},"featured_media":2703,"comment_status":"open","ping_status":"closed","template":"","meta":[],"product_brand":[],"product_cat":[15,56],"product_tag":[],"class_list":{"0":"post-2702","1":"product","2":"type-product","3":"status-publish","4":"has-post-thumbnail","6":"product_cat-minden-termek","7":"product_cat-tortak","9":"first","10":"instock","11":"taxable","12":"shipping-taxable","13":"purchasable","14":"product-type-simple"},"_links":{"self":[{"href":"https:\/\/coco7.hu\/en\/wp-json\/wp\/v2\/product\/2702","targetHints":{"allow":["GET"]}}],"collection":[{"href":"https:\/\/coco7.hu\/en\/wp-json\/wp\/v2\/product"}],"about":[{"href":"https:\/\/coco7.hu\/en\/wp-json\/wp\/v2\/types\/product"}],"replies":[{"embeddable":true,"href":"https:\/\/coco7.hu\/en\/wp-json\/wp\/v2\/comments?post=2702"}],"version-history":[{"count":1,"href":"https:\/\/coco7.hu\/en\/wp-json\/wp\/v2\/product\/2702\/revisions"}],"predecessor-version":[{"id":2705,"href":"https:\/\/coco7.hu\/en\/wp-json\/wp\/v2\/product\/2702\/revisions\/2705"}],"wp:featuredmedia":[{"embeddable":true,"href":"https:\/\/coco7.hu\/en\/wp-json\/wp\/v2\/media\/2703"}],"wp:attachment":[{"href":"https:\/\/coco7.hu\/en\/wp-json\/wp\/v2\/media?parent=2702"}],"wp:term":[{"taxonomy":"product_brand","embeddable":true,"href":"https:\/\/coco7.hu\/en\/wp-json\/wp\/v2\/product_brand?post=2702"},{"taxonomy":"product_cat","embeddable":true,"href":"https:\/\/coco7.hu\/en\/wp-json\/wp\/v2\/product_cat?post=2702"},{"taxonomy":"product_tag","embeddable":true,"href":"https:\/\/coco7.hu\/en\/wp-json\/wp\/v2\/product_tag?post=2702"}],"curies":[{"name":"wp","href":"https:\/\/api.w.org\/{rel}","templated":true}]}}