{"id":2699,"date":"2021-03-09T21:13:35","date_gmt":"2021-03-09T21:13:35","guid":{"rendered":"https:\/\/coco7.hu\/?post_type=product&#038;p=2699"},"modified":"2025-04-04T15:02:11","modified_gmt":"2025-04-04T15:02:11","slug":"malna-golyo","status":"publish","type":"product","link":"https:\/\/coco7.hu\/en\/product\/malna-golyo\/","title":{"rendered":"M\u00e1lna goly\u00f3 (rendel\u00e9sre)"},"content":{"rendered":"","protected":false},"excerpt":{"rendered":"<p>Ropog\u00f3s, liofiliz\u00e1lt m\u00e1ln\u00e1s feh\u00e9rcsokol\u00e1d\u00e9 burokban l\u00e1gy m\u00e1lna mousse \u00e9s a belsej\u00e9ben egy m\u00e1ln\u00e1s tr\u00fcffel goly\u00f3<\/p>","protected":false},"featured_media":2700,"comment_status":"open","ping_status":"closed","template":"","meta":[],"product_brand":[],"product_cat":[15,57],"product_tag":[],"class_list":{"0":"post-2699","1":"product","2":"type-product","3":"status-publish","4":"has-post-thumbnail","6":"product_cat-minden-termek","7":"product_cat-desszertek","9":"first","10":"instock","11":"taxable","12":"shipping-taxable","13":"purchasable","14":"product-type-simple"},"_links":{"self":[{"href":"https:\/\/coco7.hu\/en\/wp-json\/wp\/v2\/product\/2699","targetHints":{"allow":["GET"]}}],"collection":[{"href":"https:\/\/coco7.hu\/en\/wp-json\/wp\/v2\/product"}],"about":[{"href":"https:\/\/coco7.hu\/en\/wp-json\/wp\/v2\/types\/product"}],"replies":[{"embeddable":true,"href":"https:\/\/coco7.hu\/en\/wp-json\/wp\/v2\/comments?post=2699"}],"version-history":[{"count":0,"href":"https:\/\/coco7.hu\/en\/wp-json\/wp\/v2\/product\/2699\/revisions"}],"wp:featuredmedia":[{"embeddable":true,"href":"https:\/\/coco7.hu\/en\/wp-json\/wp\/v2\/media\/2700"}],"wp:attachment":[{"href":"https:\/\/coco7.hu\/en\/wp-json\/wp\/v2\/media?parent=2699"}],"wp:term":[{"taxonomy":"product_brand","embeddable":true,"href":"https:\/\/coco7.hu\/en\/wp-json\/wp\/v2\/product_brand?post=2699"},{"taxonomy":"product_cat","embeddable":true,"href":"https:\/\/coco7.hu\/en\/wp-json\/wp\/v2\/product_cat?post=2699"},{"taxonomy":"product_tag","embeddable":true,"href":"https:\/\/coco7.hu\/en\/wp-json\/wp\/v2\/product_tag?post=2699"}],"curies":[{"name":"wp","href":"https:\/\/api.w.org\/{rel}","templated":true}]}}