{"id":2697,"date":"2021-03-09T21:12:46","date_gmt":"2021-03-09T21:12:46","guid":{"rendered":"https:\/\/coco7.hu\/?post_type=product&#038;p=2697"},"modified":"2025-07-22T12:45:04","modified_gmt":"2025-07-22T12:45:04","slug":"malna-szivtorta","status":"publish","type":"product","link":"https:\/\/coco7.hu\/en\/product\/malna-szivtorta\/","title":{"rendered":"M\u00e1lna sz\u00edvtorta (9 szeletes)"},"content":{"rendered":"","protected":false},"excerpt":{"rendered":"<p>M\u00e1lna mousse egy kicsi calamansival, \u00e9tcsokol\u00e1d\u00e9 mousse \u00e9s ropog\u00f3s mandula r\u00e9teg<\/p>","protected":false},"featured_media":3564,"comment_status":"open","ping_status":"closed","template":"","meta":[],"product_brand":[],"product_cat":[15,56],"product_tag":[],"class_list":{"0":"post-2697","1":"product","2":"type-product","3":"status-publish","4":"has-post-thumbnail","6":"product_cat-minden-termek","7":"product_cat-tortak","9":"first","10":"instock","11":"taxable","12":"shipping-taxable","13":"purchasable","14":"product-type-simple"},"_links":{"self":[{"href":"https:\/\/coco7.hu\/en\/wp-json\/wp\/v2\/product\/2697","targetHints":{"allow":["GET"]}}],"collection":[{"href":"https:\/\/coco7.hu\/en\/wp-json\/wp\/v2\/product"}],"about":[{"href":"https:\/\/coco7.hu\/en\/wp-json\/wp\/v2\/types\/product"}],"replies":[{"embeddable":true,"href":"https:\/\/coco7.hu\/en\/wp-json\/wp\/v2\/comments?post=2697"}],"version-history":[{"count":1,"href":"https:\/\/coco7.hu\/en\/wp-json\/wp\/v2\/product\/2697\/revisions"}],"predecessor-version":[{"id":2825,"href":"https:\/\/coco7.hu\/en\/wp-json\/wp\/v2\/product\/2697\/revisions\/2825"}],"wp:featuredmedia":[{"embeddable":true,"href":"https:\/\/coco7.hu\/en\/wp-json\/wp\/v2\/media\/3564"}],"wp:attachment":[{"href":"https:\/\/coco7.hu\/en\/wp-json\/wp\/v2\/media?parent=2697"}],"wp:term":[{"taxonomy":"product_brand","embeddable":true,"href":"https:\/\/coco7.hu\/en\/wp-json\/wp\/v2\/product_brand?post=2697"},{"taxonomy":"product_cat","embeddable":true,"href":"https:\/\/coco7.hu\/en\/wp-json\/wp\/v2\/product_cat?post=2697"},{"taxonomy":"product_tag","embeddable":true,"href":"https:\/\/coco7.hu\/en\/wp-json\/wp\/v2\/product_tag?post=2697"}],"curies":[{"name":"wp","href":"https:\/\/api.w.org\/{rel}","templated":true}]}}