{"id":2692,"date":"2021-03-09T21:11:33","date_gmt":"2021-03-09T21:11:33","guid":{"rendered":"https:\/\/coco7.hu\/?post_type=product&#038;p=2692"},"modified":"2025-12-11T12:37:47","modified_gmt":"2025-12-11T12:37:47","slug":"opera","status":"publish","type":"product","link":"https:\/\/coco7.hu\/en\/product\/opera\/","title":{"rendered":"Opera szelet"},"content":{"rendered":"","protected":false},"excerpt":{"rendered":"<p>A Coc\u00f37 nagyon k\u00e1v\u00e9s, l\u00e1gy kr\u00e9mmel t\u00f6lt\u00f6tt, izgalmas ropog\u00f3s r\u00e9teggel gazdag\u00edtott kedvence<\/p>","protected":false},"featured_media":2693,"comment_status":"open","ping_status":"closed","template":"","meta":[],"product_brand":[],"product_cat":[15,57],"product_tag":[],"class_list":{"0":"post-2692","1":"product","2":"type-product","3":"status-publish","4":"has-post-thumbnail","6":"product_cat-minden-termek","7":"product_cat-desszertek","9":"first","10":"outofstock","11":"taxable","12":"shipping-taxable","13":"purchasable","14":"product-type-simple"},"_links":{"self":[{"href":"https:\/\/coco7.hu\/en\/wp-json\/wp\/v2\/product\/2692","targetHints":{"allow":["GET"]}}],"collection":[{"href":"https:\/\/coco7.hu\/en\/wp-json\/wp\/v2\/product"}],"about":[{"href":"https:\/\/coco7.hu\/en\/wp-json\/wp\/v2\/types\/product"}],"replies":[{"embeddable":true,"href":"https:\/\/coco7.hu\/en\/wp-json\/wp\/v2\/comments?post=2692"}],"version-history":[{"count":1,"href":"https:\/\/coco7.hu\/en\/wp-json\/wp\/v2\/product\/2692\/revisions"}],"predecessor-version":[{"id":4584,"href":"https:\/\/coco7.hu\/en\/wp-json\/wp\/v2\/product\/2692\/revisions\/4584"}],"wp:featuredmedia":[{"embeddable":true,"href":"https:\/\/coco7.hu\/en\/wp-json\/wp\/v2\/media\/2693"}],"wp:attachment":[{"href":"https:\/\/coco7.hu\/en\/wp-json\/wp\/v2\/media?parent=2692"}],"wp:term":[{"taxonomy":"product_brand","embeddable":true,"href":"https:\/\/coco7.hu\/en\/wp-json\/wp\/v2\/product_brand?post=2692"},{"taxonomy":"product_cat","embeddable":true,"href":"https:\/\/coco7.hu\/en\/wp-json\/wp\/v2\/product_cat?post=2692"},{"taxonomy":"product_tag","embeddable":true,"href":"https:\/\/coco7.hu\/en\/wp-json\/wp\/v2\/product_tag?post=2692"}],"curies":[{"name":"wp","href":"https:\/\/api.w.org\/{rel}","templated":true}]}}