{"id":2682,"date":"2021-03-09T21:08:24","date_gmt":"2021-03-09T21:08:24","guid":{"rendered":"https:\/\/coco7.hu\/?post_type=product&#038;p=2682"},"modified":"2025-07-22T12:46:24","modified_gmt":"2025-07-22T12:46:24","slug":"passio-mango-torta","status":"publish","type":"product","link":"https:\/\/coco7.hu\/en\/product\/passio-mango-torta\/","title":{"rendered":"Passi\u00f3-mang\u00f3 torta (10 szeletes &#8211; rendel\u00e9sre)"},"content":{"rendered":"","protected":false},"excerpt":{"rendered":"<p>Habk\u00f6nny\u0171, fanyar, nyarat id\u00e9z\u0151 passi\u00f3gy\u00fcm\u00f6lcs \u00e9s mang\u00f3 mousse, lisztmentes m\u00e1kos pisk\u00f3t\u00e1n, ropog\u00f3s szez\u00e1m r\u00e9teggel<\/p>","protected":false},"featured_media":2683,"comment_status":"open","ping_status":"closed","template":"","meta":[],"product_brand":[],"product_cat":[15,56],"product_tag":[],"class_list":{"0":"post-2682","1":"product","2":"type-product","3":"status-publish","4":"has-post-thumbnail","6":"product_cat-minden-termek","7":"product_cat-tortak","9":"first","10":"instock","11":"taxable","12":"shipping-taxable","13":"purchasable","14":"product-type-simple"},"_links":{"self":[{"href":"https:\/\/coco7.hu\/en\/wp-json\/wp\/v2\/product\/2682","targetHints":{"allow":["GET"]}}],"collection":[{"href":"https:\/\/coco7.hu\/en\/wp-json\/wp\/v2\/product"}],"about":[{"href":"https:\/\/coco7.hu\/en\/wp-json\/wp\/v2\/types\/product"}],"replies":[{"embeddable":true,"href":"https:\/\/coco7.hu\/en\/wp-json\/wp\/v2\/comments?post=2682"}],"version-history":[{"count":1,"href":"https:\/\/coco7.hu\/en\/wp-json\/wp\/v2\/product\/2682\/revisions"}],"predecessor-version":[{"id":2827,"href":"https:\/\/coco7.hu\/en\/wp-json\/wp\/v2\/product\/2682\/revisions\/2827"}],"wp:featuredmedia":[{"embeddable":true,"href":"https:\/\/coco7.hu\/en\/wp-json\/wp\/v2\/media\/2683"}],"wp:attachment":[{"href":"https:\/\/coco7.hu\/en\/wp-json\/wp\/v2\/media?parent=2682"}],"wp:term":[{"taxonomy":"product_brand","embeddable":true,"href":"https:\/\/coco7.hu\/en\/wp-json\/wp\/v2\/product_brand?post=2682"},{"taxonomy":"product_cat","embeddable":true,"href":"https:\/\/coco7.hu\/en\/wp-json\/wp\/v2\/product_cat?post=2682"},{"taxonomy":"product_tag","embeddable":true,"href":"https:\/\/coco7.hu\/en\/wp-json\/wp\/v2\/product_tag?post=2682"}],"curies":[{"name":"wp","href":"https:\/\/api.w.org\/{rel}","templated":true}]}}