{"id":2662,"date":"2021-03-09T20:59:34","date_gmt":"2021-03-09T20:59:34","guid":{"rendered":"https:\/\/coco7.hu\/?post_type=product&#038;p=2662"},"modified":"2025-07-22T12:47:37","modified_gmt":"2025-07-22T12:47:37","slug":"tokaji-aszu-torta","status":"publish","type":"product","link":"https:\/\/coco7.hu\/en\/product\/tokaji-aszu-torta\/","title":{"rendered":"Tokaji asz\u00fa torta (10 szelet &#8211; rendel\u00e9sre)"},"content":{"rendered":"","protected":false},"excerpt":{"rendered":"<p>5 puttonyos Tokaji Asz\u00fab\u00f3l k\u00e9sz\u00fclt mousse, tokaji zsel\u00e9 \u00e9s \u00e9tcsokol\u00e1d\u00e9 \u00f6tv\u00f6zete eleg\u00e1ns b\u00e1rsonyf\u00faj\u00e1ssal<\/p>","protected":false},"featured_media":3574,"comment_status":"open","ping_status":"closed","template":"","meta":[],"product_brand":[],"product_cat":[15,56],"product_tag":[],"class_list":{"0":"post-2662","1":"product","2":"type-product","3":"status-publish","4":"has-post-thumbnail","6":"product_cat-minden-termek","7":"product_cat-tortak","9":"first","10":"instock","11":"taxable","12":"shipping-taxable","13":"purchasable","14":"product-type-simple"},"_links":{"self":[{"href":"https:\/\/coco7.hu\/en\/wp-json\/wp\/v2\/product\/2662","targetHints":{"allow":["GET"]}}],"collection":[{"href":"https:\/\/coco7.hu\/en\/wp-json\/wp\/v2\/product"}],"about":[{"href":"https:\/\/coco7.hu\/en\/wp-json\/wp\/v2\/types\/product"}],"replies":[{"embeddable":true,"href":"https:\/\/coco7.hu\/en\/wp-json\/wp\/v2\/comments?post=2662"}],"version-history":[{"count":1,"href":"https:\/\/coco7.hu\/en\/wp-json\/wp\/v2\/product\/2662\/revisions"}],"predecessor-version":[{"id":2830,"href":"https:\/\/coco7.hu\/en\/wp-json\/wp\/v2\/product\/2662\/revisions\/2830"}],"wp:featuredmedia":[{"embeddable":true,"href":"https:\/\/coco7.hu\/en\/wp-json\/wp\/v2\/media\/3574"}],"wp:attachment":[{"href":"https:\/\/coco7.hu\/en\/wp-json\/wp\/v2\/media?parent=2662"}],"wp:term":[{"taxonomy":"product_brand","embeddable":true,"href":"https:\/\/coco7.hu\/en\/wp-json\/wp\/v2\/product_brand?post=2662"},{"taxonomy":"product_cat","embeddable":true,"href":"https:\/\/coco7.hu\/en\/wp-json\/wp\/v2\/product_cat?post=2662"},{"taxonomy":"product_tag","embeddable":true,"href":"https:\/\/coco7.hu\/en\/wp-json\/wp\/v2\/product_tag?post=2662"}],"curies":[{"name":"wp","href":"https:\/\/api.w.org\/{rel}","templated":true}]}}