{"id":2658,"date":"2021-03-09T20:55:40","date_gmt":"2021-03-09T20:55:40","guid":{"rendered":"https:\/\/coco7.hu\/?post_type=product&#038;p=2658"},"modified":"2025-04-04T15:03:09","modified_gmt":"2025-04-04T15:03:09","slug":"afonya-henger","status":"publish","type":"product","link":"https:\/\/coco7.hu\/en\/product\/afonya-henger\/","title":{"rendered":"\u00c1fony\u00e1s sajttorta monodesszert (rendel\u00e9sre)"},"content":{"rendered":"","protected":false},"excerpt":{"rendered":"<p>\u00c1fony\u00e1s pisk\u00f3ta, s\u0171r\u0171 \u00e1fonya kr\u00e9m \u00e9s l\u00e1gy sajtkr\u00e9m mousse &#8211; a tetej\u00e9n \u00e1fonya glaz\u00farral<\/p>","protected":false},"featured_media":2659,"comment_status":"open","ping_status":"closed","template":"","meta":[],"product_brand":[],"product_cat":[15,57,56],"product_tag":[],"class_list":{"0":"post-2658","1":"product","2":"type-product","3":"status-publish","4":"has-post-thumbnail","6":"product_cat-minden-termek","7":"product_cat-desszertek","8":"product_cat-tortak","10":"first","11":"instock","12":"taxable","13":"shipping-taxable","14":"purchasable","15":"product-type-simple"},"_links":{"self":[{"href":"https:\/\/coco7.hu\/en\/wp-json\/wp\/v2\/product\/2658","targetHints":{"allow":["GET"]}}],"collection":[{"href":"https:\/\/coco7.hu\/en\/wp-json\/wp\/v2\/product"}],"about":[{"href":"https:\/\/coco7.hu\/en\/wp-json\/wp\/v2\/types\/product"}],"replies":[{"embeddable":true,"href":"https:\/\/coco7.hu\/en\/wp-json\/wp\/v2\/comments?post=2658"}],"version-history":[{"count":1,"href":"https:\/\/coco7.hu\/en\/wp-json\/wp\/v2\/product\/2658\/revisions"}],"predecessor-version":[{"id":3032,"href":"https:\/\/coco7.hu\/en\/wp-json\/wp\/v2\/product\/2658\/revisions\/3032"}],"wp:featuredmedia":[{"embeddable":true,"href":"https:\/\/coco7.hu\/en\/wp-json\/wp\/v2\/media\/2659"}],"wp:attachment":[{"href":"https:\/\/coco7.hu\/en\/wp-json\/wp\/v2\/media?parent=2658"}],"wp:term":[{"taxonomy":"product_brand","embeddable":true,"href":"https:\/\/coco7.hu\/en\/wp-json\/wp\/v2\/product_brand?post=2658"},{"taxonomy":"product_cat","embeddable":true,"href":"https:\/\/coco7.hu\/en\/wp-json\/wp\/v2\/product_cat?post=2658"},{"taxonomy":"product_tag","embeddable":true,"href":"https:\/\/coco7.hu\/en\/wp-json\/wp\/v2\/product_tag?post=2658"}],"curies":[{"name":"wp","href":"https:\/\/api.w.org\/{rel}","templated":true}]}}