{"id":2654,"date":"2021-03-09T20:51:58","date_gmt":"2021-03-09T20:51:58","guid":{"rendered":"https:\/\/coco7.hu\/?post_type=product&#038;p=2654"},"modified":"2025-07-22T12:48:00","modified_gmt":"2025-07-22T12:48:00","slug":"afonyas-sajttorta","status":"publish","type":"product","link":"https:\/\/coco7.hu\/en\/product\/afonyas-sajttorta\/","title":{"rendered":"\u00c1fony\u00e1s sajttorta mousse (10 szeletes &#8211; rendel\u00e9sre)"},"content":{"rendered":"","protected":false},"excerpt":{"rendered":"<p>\u00c1fony\u00e1s pisk\u00f3ta, s\u0171r\u0171 \u00e1fonyakr\u00e9m, k\u00f6nny\u0171 sajtkr\u00e9m mousse \u00e9s \u00e1fonya glaz\u00far<\/p>","protected":false},"featured_media":3571,"comment_status":"open","ping_status":"closed","template":"","meta":[],"product_brand":[],"product_cat":[15,56],"product_tag":[],"class_list":{"0":"post-2654","1":"product","2":"type-product","3":"status-publish","4":"has-post-thumbnail","6":"product_cat-minden-termek","7":"product_cat-tortak","9":"first","10":"instock","11":"taxable","12":"shipping-taxable","13":"purchasable","14":"product-type-simple"},"_links":{"self":[{"href":"https:\/\/coco7.hu\/en\/wp-json\/wp\/v2\/product\/2654","targetHints":{"allow":["GET"]}}],"collection":[{"href":"https:\/\/coco7.hu\/en\/wp-json\/wp\/v2\/product"}],"about":[{"href":"https:\/\/coco7.hu\/en\/wp-json\/wp\/v2\/types\/product"}],"replies":[{"embeddable":true,"href":"https:\/\/coco7.hu\/en\/wp-json\/wp\/v2\/comments?post=2654"}],"version-history":[{"count":1,"href":"https:\/\/coco7.hu\/en\/wp-json\/wp\/v2\/product\/2654\/revisions"}],"predecessor-version":[{"id":2829,"href":"https:\/\/coco7.hu\/en\/wp-json\/wp\/v2\/product\/2654\/revisions\/2829"}],"wp:featuredmedia":[{"embeddable":true,"href":"https:\/\/coco7.hu\/en\/wp-json\/wp\/v2\/media\/3571"}],"wp:attachment":[{"href":"https:\/\/coco7.hu\/en\/wp-json\/wp\/v2\/media?parent=2654"}],"wp:term":[{"taxonomy":"product_brand","embeddable":true,"href":"https:\/\/coco7.hu\/en\/wp-json\/wp\/v2\/product_brand?post=2654"},{"taxonomy":"product_cat","embeddable":true,"href":"https:\/\/coco7.hu\/en\/wp-json\/wp\/v2\/product_cat?post=2654"},{"taxonomy":"product_tag","embeddable":true,"href":"https:\/\/coco7.hu\/en\/wp-json\/wp\/v2\/product_tag?post=2654"}],"curies":[{"name":"wp","href":"https:\/\/api.w.org\/{rel}","templated":true}]}}